{"id":2459,"date":"2021-07-20T16:39:18","date_gmt":"2021-07-20T15:39:18","guid":{"rendered":"https:\/\/www.jmpaningenieria.com\/?page_id=2459"},"modified":"2025-01-08T11:34:29","modified_gmt":"2025-01-08T10:34:29","slug":"simulacio-energetica","status":"publish","type":"page","link":"https:\/\/www.jmpaningenieria.com\/ca\/simulacio-energetica\/","title":{"rendered":"Simulaci\u00f3 Energ\u00e8tica"},"content":{"rendered":"<p><section class=\"kc-elm kc-css-567405 kc_row\"><div class=\"kc-row-container  kc-container\"><div class=\"kc-wrap-columns\"><div class=\"kc-elm kc-css-663638 kc_col-sm-12 kc_column kc_col-sm-12\"><div class=\"kc-col-container\"><div class=\"kc-elm kc-css-785207\" style=\"height: 50px; clear: both; width:100%;\"><\/div>\n\t<!--Main Slider-->\n\t<section class=\"rev_slider_wrapper\">\n\t\n\t\t\n\t\t\t<!-- START Servicios Slide 11 REVOLUTION SLIDER 6.2.21 --><p class=\"rs-p-wp-fix\"><\/p>\n\t\t\t<rs-module-wrap id=\"rev_slider_9_1_wrapper\" data-source=\"gallery\" style=\"background:transparent;padding:0;margin:0px auto;margin-top:0;margin-bottom:0;\">\n\t\t\t\t<rs-module id=\"rev_slider_9_1\" style=\"\" data-version=\"6.2.21\">\n\t\t\t\t\t<rs-slides>\n\t\t\t\t\t\t<rs-slide data-key=\"rs-23\" data-title=\"Slide\" data-anim=\"ei:d;eo:d;s:d;r:0;t:notransition;sl:d;\">\n\t\t\t\t\t\t\t<img src=\"\/\/www.jmpaningenieria.com\/wp-content\/uploads\/2021\/04\/calculo-huella-de-carbono-mallorca.jpg\" title=\"calculo-huella-de-carbono-mallorca\" width=\"1900\" height=\"1160\" class=\"rev-slidebg\" data-no-retina>\n<!---->\t\t\t\t\t\t<\/rs-slide>\n\t\t\t\t\t<\/rs-slides>\n\t\t\t\t<\/rs-module>\n\t\t\t\t<script type=\"text\/javascript\">\n\t\t\t\t\tsetREVStartSize({c: 'rev_slider_9_1',rl:[1240,1024,778,480],el:[250],gw:[1200],gh:[250],type:'hero',justify:'',layout:'fullwidth',mh:\"0\"});\n\t\t\t\t\tvar\trevapi9,\n\t\t\t\t\t\ttpj;\n\t\t\t\t\tfunction revinit_revslider91() {\n\t\t\t\t\tjQuery(function() {\n\t\t\t\t\t\ttpj = jQuery;\n\t\t\t\t\t\trevapi9 = tpj(\"#rev_slider_9_1\");\n\t\t\t\t\t\tif(revapi9==undefined || revapi9.revolution == undefined){\n\t\t\t\t\t\t\trevslider_showDoubleJqueryError(\"rev_slider_9_1\");\n\t\t\t\t\t\t}else{\n\t\t\t\t\t\t\trevapi9.revolution({\n\t\t\t\t\t\t\t\tsliderType:\"hero\",\n\t\t\t\t\t\t\t\tsliderLayout:\"fullwidth\",\n\t\t\t\t\t\t\t\tvisibilityLevels:\"1240,1024,778,480\",\n\t\t\t\t\t\t\t\tgridwidth:1200,\n\t\t\t\t\t\t\t\tgridheight:250,\n\t\t\t\t\t\t\t\tstartDelay:\"3ms\",\n\t\t\t\t\t\t\t\tspinner:\"spinner0\",\n\t\t\t\t\t\t\t\tperspective:600,\n\t\t\t\t\t\t\t\tperspectiveType:\"local\",\n\t\t\t\t\t\t\t\teditorheight:\"250,768,960,720\",\n\t\t\t\t\t\t\t\tresponsiveLevels:\"1240,1024,778,480\",\n\t\t\t\t\t\t\t\tprogressBar:{disableProgressBar:true},\n\t\t\t\t\t\t\t\tnavigation: {\n\t\t\t\t\t\t\t\t\tonHoverStop:false\n\t\t\t\t\t\t\t\t},\n\t\t\t\t\t\t\t\tfallbacks: {\n\t\t\t\t\t\t\t\t\tallowHTML5AutoPlayOnAndroid:true\n\t\t\t\t\t\t\t\t},\n\t\t\t\t\t\t\t});\n\t\t\t\t\t\t}\n\t\t\t\t\t\t\n\t\t\t\t\t});\n\t\t\t\t\t} \/\/ End of RevInitScript\n\t\t\t\tif (document.readyState === \"loading\") window.addEventListener('DOMContentLoaded',function() { revinit_revslider91();}); else revinit_revslider91();\n\t\t\t\t<\/script>\n\t\t\t<\/rs-module-wrap>\n\t\t\t<!-- END REVOLUTION SLIDER -->\n\t\n\t<\/section>\n\t<!--End Main Slider-->\n\n<div class=\"kc-elm kc-css-868151\" style=\"height: 50px; clear: both; width:100%;\"><\/div><\/div><\/div><\/div><\/div><\/section><section class=\"kc-elm kc-css-715323 kc_row\"><div class=\"kc-row-container  kc-container\"><div class=\"kc-wrap-columns\"><div class=\"kc-elm kc-css-481982 kc_col-sm-12 kc_column kc_col-sm-12\"><div class=\"kc-col-container\"><div class=\"kc-elm kc-css-271985 kc_row kc_row_inner\"><div class=\"kc-elm kc-css-344208 kc_col-sm-7 kc_column_inner kc_col-sm-7\"><div class=\"kc_wrapper kc-col-inner-container\"><div class=\"kc-elm kc-css-933003 kc_text_block\"><\/p>\n<h1><strong>Simulaci\u00f3 Energ\u00e8tica<br \/><\/strong><\/h1>\n<hr \/>\n<p>\n<\/div><div class=\"kc-elm kc-css-770723\" style=\"height: 10px; clear: both; width:100%;\"><\/div><div class=\"kc-elm kc-css-446358 kc_text_block\"><\/p>\n<p><span class=\"Y2IQFc\" lang=\"ca\">A la fase de projecte \u00e9s fonamental per obtenir resultats de com respondr\u00e0 l&#8217;edificaci\u00f3 un cop finalitzada i aix\u00ed poder avaluar els m\u00faltiples factors que repercuteixen en el consum final i triar-ne la millor opci\u00f3. <\/span><\/p>\n<p><span class=\"Y2IQFc\" lang=\"ca\">Comparant els diversos materials, orientacions, ponts t\u00e8rmics, instal\u00b7lacions i \u00fas d&#8217;energies renovables, entre d&#8217;altres, es garanteix que l&#8217;elecci\u00f3 final \u00e9s la m\u00e9s responsable a nivell energ\u00e8tic.<\/span><\/p>\n<p>\n<\/div><\/div><\/div><div class=\"kc-elm kc-css-598338 kc_col-sm-5 kc_column_inner kc_col-sm-5\"><div class=\"kc_wrapper kc-col-inner-container\"><div class=\"kc-elm kc-css-772876\" style=\"height: 100px; clear: both; width:100%;\"><\/div><div class=\"kc-elm kc-css-179042 kc_text_block\"><\/p>\n<blockquote>\n<h2><span class=\"Y2IQFc\" lang=\"ca\">\u00c9s fonamental per obtenir resultats de com<br \/>respondr\u00e0 l&#8217;edificaci\u00f3 un cop finalitzada.<\/span><\/h2>\n<h2><strong>\u00a0<\/strong><\/h2>\n<\/blockquote>\n<p><!-- \/wp:heading --><\/p>\n<p><!-- wp:paragraph {\"style\":{\"color\":{\"text\":\"#333e48\"}}} --><\/p>\n<p><!-- \/wp:paragraph --><\/p>\n<p><!-- wp:paragraph --><\/p>\n<p><!-- \/wp:paragraph --><\/p>\n<p>\n<\/div><\/div><\/div><\/div><\/div><\/div><\/div><\/div><\/section><section class=\"kc-elm kc-css-898505 kc_row\"><div class=\"kc-row-container  kc-container\"><div class=\"kc-wrap-columns\"><div class=\"kc-elm kc-css-486055 kc_col-sm-2 kc_column kc_col-sm-2\"><div class=\"kc-col-container\"><div class=\"kc-elm kc-css-910001\" style=\"height: 20px; clear: both; width:100%;\"><\/div>\n<div class=\"kc-elm kc-css-533341\">\n\t<a class=\"kc_button\" href=\"https:\/\/www.jmpaningenieria.com\/ca\/instalacions\/\" target=\"_self\" title=\"Instal\u00b7lacions\" onclick=\"\">\n\t\t<i class=\"fa-arrow-alt-circle-left\"><\/i> Servei Anterior\t<\/a>\n<\/div>\n<div class=\"kc-elm kc-css-624342\" style=\"height: 20px; clear: both; width:100%;\"><\/div><\/div><\/div><div class=\"kc-elm kc-css-54506 kc_col-sm-2 kc_column kc_col-sm-2\"><div class=\"kc-col-container\"><div class=\"kc-elm kc-css-214160\" style=\"height: 20px; clear: both; width:100%;\"><\/div>\n<div class=\"kc-elm kc-css-481601\">\n\t<a class=\"kc_button\" href=\"https:\/\/www.jmpaningenieria.com\/ca\/llicencies-activitat\/\" target=\"_self\" title=\"Llic\u00e8ncies Activitat\" onclick=\"\">\n\t\tServei Seg\u00fcent <i class=\"fa-arrow-alt-circle-right\"><\/i>\t<\/a>\n<\/div>\n<div class=\"kc-elm kc-css-525440\" style=\"height: 20px; clear: both; width:100%;\"><\/div><\/div><\/div><div class=\"kc-elm kc-css-696217 kc_col-sm-2 kc_column kc_col-sm-2\"><div class=\"kc-col-container\"><\/div><\/div><div class=\"kc-elm kc-css-687945 kc_col-sm-2 kc_column kc_col-sm-2\"><div class=\"kc-col-container\"><\/div><\/div><div class=\"kc-elm kc-css-200712 kc_col-sm-2 kc_column kc_col-sm-2\"><div class=\"kc-col-container\"><\/div><\/div><div class=\"kc-elm kc-css-433944 kc_col-sm-2 kc_column kc_col-sm-2\"><div class=\"kc-col-container\"><div class=\"kc-elm kc-css-843743\" style=\"height: 20px; clear: both; width:100%;\"><\/div>\n<div class=\"kc-elm kc-css-143728\">\n\t<a class=\"kc_button\" href=\"https:\/\/www.jmpaningenieria.com\/ca\/serveis-enginyeria\/\" target=\"_self\" title=\"Serveis d:apos:Enginyeria\" onclick=\"\">\n\t\t<i class=\"fa-circle\"><\/i> Tornar a Serveis\t<\/a>\n<\/div>\n<div class=\"kc-elm kc-css-811092\" style=\"height: 20px; clear: both; width:100%;\"><\/div><\/div><\/div><\/div><\/div><\/section><section class=\"kc-elm kc-css-255305 kc_row\"><div class=\"kc-row-container  kc-container\"><div class=\"kc-wrap-columns\"><div class=\"kc-elm kc-css-168573 kc_col-sm-12 kc_column kc_col-sm-12\"><div class=\"kc-col-container\"><div class=\"kc-elm kc-css-61788\" style=\"height: 30px; clear: both; width:100%;\"><\/div><\/div><\/div><\/div><\/div><\/section><\/p>","protected":false},"excerpt":{"rendered":"","protected":false},"author":1,"featured_media":0,"parent":0,"menu_order":0,"comment_status":"closed","ping_status":"closed","template":"tpl-king_composer.php","meta":{"_monsterinsights_skip_tracking":false,"_monsterinsights_sitenote_active":false,"_monsterinsights_sitenote_note":"","_monsterinsights_sitenote_category":0},"yoast_head":"<!-- This site is optimized with the Yoast SEO plugin v19.13 - https:\/\/yoast.com\/wordpress\/plugins\/seo\/ -->\n<title>Simulaci\u00f3 Energ\u00e8tica a Edificis - Mallorca - JMPAN Enginyeria<\/title>\n<meta name=\"description\" content=\"Projectes de simulaci\u00f3 de rendiment energ\u00e8tic dedificis per garantir que lelecci\u00f3 final \u00e9s la m\u00e9s responsable a nivell energ\u00e8tic. Garanteix la teva inversi\u00f3\" \/>\n<meta name=\"robots\" content=\"index, follow, max-snippet:-1, max-image-preview:large, max-video-preview:-1\" \/>\n<link rel=\"canonical\" href=\"https:\/\/www.jmpaningenieria.com\/ca\/simulacio-energetica\/\" \/>\n<script type=\"application\/ld+json\" class=\"yoast-schema-graph\">{\"@context\":\"https:\/\/schema.org\",\"@graph\":[{\"@type\":\"WebPage\",\"@id\":\"https:\/\/www.jmpaningenieria.com\/ca\/simulacio-energetica\/\",\"url\":\"https:\/\/www.jmpaningenieria.com\/ca\/simulacio-energetica\/\",\"name\":\"Simulaci\u00f3 Energ\u00e8tica a Edificis - Mallorca - JMPAN Enginyeria\",\"isPartOf\":{\"@id\":\"https:\/\/www.jmpaningenieria.com\/ca\/#website\"},\"datePublished\":\"2021-07-20T15:39:18+00:00\",\"dateModified\":\"2025-01-08T10:34:29+00:00\",\"description\":\"Projectes de simulaci\u00f3 de rendiment energ\u00e8tic dedificis per garantir que lelecci\u00f3 final \u00e9s la m\u00e9s responsable a nivell energ\u00e8tic. Garanteix la teva inversi\u00f3\",\"breadcrumb\":{\"@id\":\"https:\/\/www.jmpaningenieria.com\/ca\/simulacio-energetica\/#breadcrumb\"},\"inLanguage\":\"ca\",\"potentialAction\":[{\"@type\":\"ReadAction\",\"target\":[\"https:\/\/www.jmpaningenieria.com\/ca\/simulacio-energetica\/\"]}]},{\"@type\":\"BreadcrumbList\",\"@id\":\"https:\/\/www.jmpaningenieria.com\/ca\/simulacio-energetica\/#breadcrumb\",\"itemListElement\":[{\"@type\":\"ListItem\",\"position\":1,\"name\":\"Portada\",\"item\":\"https:\/\/www.jmpaningenieria.com\/ca\/\"},{\"@type\":\"ListItem\",\"position\":2,\"name\":\"Simulaci\u00f3 Energ\u00e8tica\"}]},{\"@type\":\"WebSite\",\"@id\":\"https:\/\/www.jmpaningenieria.com\/ca\/#website\",\"url\":\"https:\/\/www.jmpaningenieria.com\/ca\/\",\"name\":\"JMPAN Ingenier\u00eda Sostenible\",\"description\":\"JMPAN Ingenier\u00eda, con sede en Mallorca, evaluamos y asesoramos a profesionales del mundo de la construcci\u00f3n para obtener el certificado de sostenibilidad VERDE tanto en Baleares, como a nivel estatal. Evaluador Acreditado VERDE\",\"publisher\":{\"@id\":\"https:\/\/www.jmpaningenieria.com\/ca\/#\/schema\/person\/42a492bb269b09b8aefd56a7979e8fe5\"},\"potentialAction\":[{\"@type\":\"SearchAction\",\"target\":{\"@type\":\"EntryPoint\",\"urlTemplate\":\"https:\/\/www.jmpaningenieria.com\/ca\/?s={search_term_string}\"},\"query-input\":\"required name=search_term_string\"}],\"inLanguage\":\"ca\"},{\"@type\":[\"Person\",\"Organization\"],\"@id\":\"https:\/\/www.jmpaningenieria.com\/ca\/#\/schema\/person\/42a492bb269b09b8aefd56a7979e8fe5\",\"name\":\"admin3349\",\"image\":{\"@type\":\"ImageObject\",\"inLanguage\":\"ca\",\"@id\":\"https:\/\/www.jmpaningenieria.com\/ca\/#\/schema\/person\/image\/\",\"url\":\"https:\/\/www.jmpaningenieria.com\/wp-content\/uploads\/2021\/04\/logo-jmpaningenieria-1-e1618416239816.png\",\"contentUrl\":\"https:\/\/www.jmpaningenieria.com\/wp-content\/uploads\/2021\/04\/logo-jmpaningenieria-1-e1618416239816.png\",\"width\":300,\"height\":191,\"caption\":\"admin3349\"},\"logo\":{\"@id\":\"https:\/\/www.jmpaningenieria.com\/ca\/#\/schema\/person\/image\/\"},\"sameAs\":[\"http:\/\/zwdhzsi.cluster030.hosting.ovh.net\"]}]}<\/script>\n<!-- \/ Yoast SEO plugin. -->","yoast_head_json":{"title":"Simulaci\u00f3 Energ\u00e8tica a Edificis - Mallorca - JMPAN Enginyeria","description":"Projectes de simulaci\u00f3 de rendiment energ\u00e8tic dedificis per garantir que lelecci\u00f3 final \u00e9s la m\u00e9s responsable a nivell energ\u00e8tic. Garanteix la teva inversi\u00f3","robots":{"index":"index","follow":"follow","max-snippet":"max-snippet:-1","max-image-preview":"max-image-preview:large","max-video-preview":"max-video-preview:-1"},"canonical":"https:\/\/www.jmpaningenieria.com\/ca\/simulacio-energetica\/","schema":{"@context":"https:\/\/schema.org","@graph":[{"@type":"WebPage","@id":"https:\/\/www.jmpaningenieria.com\/ca\/simulacio-energetica\/","url":"https:\/\/www.jmpaningenieria.com\/ca\/simulacio-energetica\/","name":"Simulaci\u00f3 Energ\u00e8tica a Edificis - Mallorca - JMPAN Enginyeria","isPartOf":{"@id":"https:\/\/www.jmpaningenieria.com\/ca\/#website"},"datePublished":"2021-07-20T15:39:18+00:00","dateModified":"2025-01-08T10:34:29+00:00","description":"Projectes de simulaci\u00f3 de rendiment energ\u00e8tic dedificis per garantir que lelecci\u00f3 final \u00e9s la m\u00e9s responsable a nivell energ\u00e8tic. Garanteix la teva inversi\u00f3","breadcrumb":{"@id":"https:\/\/www.jmpaningenieria.com\/ca\/simulacio-energetica\/#breadcrumb"},"inLanguage":"ca","potentialAction":[{"@type":"ReadAction","target":["https:\/\/www.jmpaningenieria.com\/ca\/simulacio-energetica\/"]}]},{"@type":"BreadcrumbList","@id":"https:\/\/www.jmpaningenieria.com\/ca\/simulacio-energetica\/#breadcrumb","itemListElement":[{"@type":"ListItem","position":1,"name":"Portada","item":"https:\/\/www.jmpaningenieria.com\/ca\/"},{"@type":"ListItem","position":2,"name":"Simulaci\u00f3 Energ\u00e8tica"}]},{"@type":"WebSite","@id":"https:\/\/www.jmpaningenieria.com\/ca\/#website","url":"https:\/\/www.jmpaningenieria.com\/ca\/","name":"JMPAN Ingenier\u00eda Sostenible","description":"JMPAN Ingenier\u00eda, con sede en Mallorca, evaluamos y asesoramos a profesionales del mundo de la construcci\u00f3n para obtener el certificado de sostenibilidad VERDE tanto en Baleares, como a nivel estatal. Evaluador Acreditado VERDE","publisher":{"@id":"https:\/\/www.jmpaningenieria.com\/ca\/#\/schema\/person\/42a492bb269b09b8aefd56a7979e8fe5"},"potentialAction":[{"@type":"SearchAction","target":{"@type":"EntryPoint","urlTemplate":"https:\/\/www.jmpaningenieria.com\/ca\/?s={search_term_string}"},"query-input":"required name=search_term_string"}],"inLanguage":"ca"},{"@type":["Person","Organization"],"@id":"https:\/\/www.jmpaningenieria.com\/ca\/#\/schema\/person\/42a492bb269b09b8aefd56a7979e8fe5","name":"admin3349","image":{"@type":"ImageObject","inLanguage":"ca","@id":"https:\/\/www.jmpaningenieria.com\/ca\/#\/schema\/person\/image\/","url":"https:\/\/www.jmpaningenieria.com\/wp-content\/uploads\/2021\/04\/logo-jmpaningenieria-1-e1618416239816.png","contentUrl":"https:\/\/www.jmpaningenieria.com\/wp-content\/uploads\/2021\/04\/logo-jmpaningenieria-1-e1618416239816.png","width":300,"height":191,"caption":"admin3349"},"logo":{"@id":"https:\/\/www.jmpaningenieria.com\/ca\/#\/schema\/person\/image\/"},"sameAs":["http:\/\/zwdhzsi.cluster030.hosting.ovh.net"]}]}},"_links":{"self":[{"href":"https:\/\/www.jmpaningenieria.com\/ca\/wp-json\/wp\/v2\/pages\/2459"}],"collection":[{"href":"https:\/\/www.jmpaningenieria.com\/ca\/wp-json\/wp\/v2\/pages"}],"about":[{"href":"https:\/\/www.jmpaningenieria.com\/ca\/wp-json\/wp\/v2\/types\/page"}],"author":[{"embeddable":true,"href":"https:\/\/www.jmpaningenieria.com\/ca\/wp-json\/wp\/v2\/users\/1"}],"replies":[{"embeddable":true,"href":"https:\/\/www.jmpaningenieria.com\/ca\/wp-json\/wp\/v2\/comments?post=2459"}],"version-history":[{"count":7,"href":"https:\/\/www.jmpaningenieria.com\/ca\/wp-json\/wp\/v2\/pages\/2459\/revisions"}],"predecessor-version":[{"id":2740,"href":"https:\/\/www.jmpaningenieria.com\/ca\/wp-json\/wp\/v2\/pages\/2459\/revisions\/2740"}],"wp:attachment":[{"href":"https:\/\/www.jmpaningenieria.com\/ca\/wp-json\/wp\/v2\/media?parent=2459"}],"curies":[{"name":"wp","href":"https:\/\/api.w.org\/{rel}","templated":true}]}}