{"id":2454,"date":"2021-07-20T16:43:07","date_gmt":"2021-07-20T15:43:07","guid":{"rendered":"https:\/\/www.jmpaningenieria.com\/?page_id=2454"},"modified":"2024-03-14T17:21:03","modified_gmt":"2024-03-14T16:21:03","slug":"llicencies-activitat","status":"publish","type":"page","link":"https:\/\/www.jmpaningenieria.com\/ca\/llicencies-activitat\/","title":{"rendered":"Llic\u00e8ncies d&#8217;activitat"},"content":{"rendered":"<section class=\"kc-elm kc-css-903173 kc_row\"><div class=\"kc-row-container  kc-container\"><div class=\"kc-wrap-columns\"><div class=\"kc-elm kc-css-626614 kc_col-sm-12 kc_column kc_col-sm-12\"><div class=\"kc-col-container\"><div class=\"kc-elm kc-css-836824\" style=\"height: 50px; clear: both; width:100%;\"><\/div>\n\t<!--Main Slider-->\n\t<section class=\"rev_slider_wrapper\">\n\t\n\t\t\n\t\t\t<!-- START Servicios Slide 11 REVOLUTION SLIDER 6.2.21 --><p class=\"rs-p-wp-fix\"><\/p>\n\t\t\t<rs-module-wrap id=\"rev_slider_9_1_wrapper\" data-source=\"gallery\" style=\"background:transparent;padding:0;margin:0px auto;margin-top:0;margin-bottom:0;\">\n\t\t\t\t<rs-module id=\"rev_slider_9_1\" style=\"\" data-version=\"6.2.21\">\n\t\t\t\t\t<rs-slides>\n\t\t\t\t\t\t<rs-slide data-key=\"rs-23\" data-title=\"Slide\" data-anim=\"ei:d;eo:d;s:d;r:0;t:notransition;sl:d;\">\n\t\t\t\t\t\t\t<img src=\"\/\/www.jmpaningenieria.com\/wp-content\/uploads\/2021\/04\/calculo-huella-de-carbono-mallorca.jpg\" title=\"calculo-huella-de-carbono-mallorca\" width=\"1900\" height=\"1160\" class=\"rev-slidebg\" data-no-retina>\n<!---->\t\t\t\t\t\t<\/rs-slide>\n\t\t\t\t\t<\/rs-slides>\n\t\t\t\t<\/rs-module>\n\t\t\t\t<script type=\"text\/javascript\">\n\t\t\t\t\tsetREVStartSize({c: 'rev_slider_9_1',rl:[1240,1024,778,480],el:[250],gw:[1200],gh:[250],type:'hero',justify:'',layout:'fullwidth',mh:\"0\"});\n\t\t\t\t\tvar\trevapi9,\n\t\t\t\t\t\ttpj;\n\t\t\t\t\tfunction revinit_revslider91() {\n\t\t\t\t\tjQuery(function() {\n\t\t\t\t\t\ttpj = jQuery;\n\t\t\t\t\t\trevapi9 = tpj(\"#rev_slider_9_1\");\n\t\t\t\t\t\tif(revapi9==undefined || revapi9.revolution == undefined){\n\t\t\t\t\t\t\trevslider_showDoubleJqueryError(\"rev_slider_9_1\");\n\t\t\t\t\t\t}else{\n\t\t\t\t\t\t\trevapi9.revolution({\n\t\t\t\t\t\t\t\tsliderType:\"hero\",\n\t\t\t\t\t\t\t\tsliderLayout:\"fullwidth\",\n\t\t\t\t\t\t\t\tvisibilityLevels:\"1240,1024,778,480\",\n\t\t\t\t\t\t\t\tgridwidth:1200,\n\t\t\t\t\t\t\t\tgridheight:250,\n\t\t\t\t\t\t\t\tstartDelay:\"3ms\",\n\t\t\t\t\t\t\t\tspinner:\"spinner0\",\n\t\t\t\t\t\t\t\tperspective:600,\n\t\t\t\t\t\t\t\tperspectiveType:\"local\",\n\t\t\t\t\t\t\t\teditorheight:\"250,768,960,720\",\n\t\t\t\t\t\t\t\tresponsiveLevels:\"1240,1024,778,480\",\n\t\t\t\t\t\t\t\tprogressBar:{disableProgressBar:true},\n\t\t\t\t\t\t\t\tnavigation: {\n\t\t\t\t\t\t\t\t\tonHoverStop:false\n\t\t\t\t\t\t\t\t},\n\t\t\t\t\t\t\t\tfallbacks: {\n\t\t\t\t\t\t\t\t\tallowHTML5AutoPlayOnAndroid:true\n\t\t\t\t\t\t\t\t},\n\t\t\t\t\t\t\t});\n\t\t\t\t\t\t}\n\t\t\t\t\t\t\n\t\t\t\t\t});\n\t\t\t\t\t} \/\/ End of RevInitScript\n\t\t\t\tif (document.readyState === \"loading\") window.addEventListener('DOMContentLoaded',function() { revinit_revslider91();}); else revinit_revslider91();\n\t\t\t\t<\/script>\n\t\t\t<\/rs-module-wrap>\n\t\t\t<!-- END REVOLUTION SLIDER -->\n\t\n\t<\/section>\n\t<!--End Main Slider-->\n\n<div class=\"kc-elm kc-css-626128\" style=\"height: 50px; clear: both; width:100%;\"><\/div><\/div><\/div><\/div><\/div><\/section><section class=\"kc-elm kc-css-666649 kc_row\"><div class=\"kc-row-container  kc-container\"><div class=\"kc-wrap-columns\"><div class=\"kc-elm kc-css-99643 kc_col-sm-12 kc_column kc_col-sm-12\"><div class=\"kc-col-container\"><div class=\"kc-elm kc-css-971059 kc_row kc_row_inner\"><div class=\"kc-elm kc-css-140578 kc_col-sm-7 kc_column_inner kc_col-sm-7\"><div class=\"kc_wrapper kc-col-inner-container\"><div class=\"kc-elm kc-css-364004 kc_text_block\"><\/p>\n<h1><strong><span class=\"Y2IQFc\" lang=\"ca\">Llic\u00e8ncies d&#039;activitat<\/span><\/strong><\/h1>\n<hr \/>\n<p>\n<\/div><div class=\"kc-elm kc-css-457464\" style=\"height: 10px; clear: both; width:100%;\"><\/div><div class=\"kc-elm kc-css-849915 kc_text_block\"><\/p>\n<p>A JMPAN Enginyeria oferim serveis integrals per a l&#039;obtenci\u00f3 de llic\u00e8ncies d&#039;activitat a Mallorca, assegurant que el teu negoci compleixi totes les regulacions locals i inici\u00ef operacions sense contratemps.<\/p>\n<p>Gestionem i tramitem totes les autoritzacions i projectes i documentaci\u00f3 requerida per iniciar i obrir activitats com comer\u00e7os, ind\u00fastries, hotels, locals, botigues i oficines, conforme a la Llei 7\/2013 de 26 de novembre, sobre el r\u00e8gim jur\u00eddic de les instal\u00b7lacions i la operaci\u00f3 dactivitats a les Illes Balears.<\/p>\n<p>\n<\/div><\/div><\/div><div class=\"kc-elm kc-css-481654 kc_col-sm-5 kc_column_inner kc_col-sm-5\"><div class=\"kc_wrapper kc-col-inner-container\"><div class=\"kc-elm kc-css-867839\" style=\"height: 100px; clear: both; width:100%;\"><\/div><div class=\"kc-elm kc-css-265105 kc_text_block\"><\/p>\n<blockquote>\n<h2><strong><span class=\"Y2IQFc\" lang=\"ca\">\u00c0mplia experi\u00e8ncia a Mallorca, en tota mena de llic\u00e8ncia i projectes d&#039;activitats, inn\u00f2cues, menors i grans.<\/span><\/strong><\/h2>\n<h2><strong>\u00a0<\/strong><\/h2>\n<\/blockquote>\n<p><!-- \/wp:heading --><\/p>\n<p><!-- wp:paragraph {\"style\":{\"color\":{\"text\":\"#333e48\"}}} --><\/p>\n<p><!-- \/wp:paragraph --><\/p>\n<p><!-- wp:paragraph --><\/p>\n<p><!-- \/wp:paragraph --><\/p>\n<p>\n<\/div><\/div><\/div><\/div><div class=\"kc-elm kc-css-707634 kc_row kc_row_inner\"><div class=\"kc-elm kc-css-513706 kc_col-sm-11 kc_column_inner kc_col-sm-11\"><div class=\"kc_wrapper kc-col-inner-container\"><div class=\"kc-elm kc-css-913366\" style=\"height: 10px; clear: both; width:100%;\"><\/div><div class=\"kc-elm kc-css-221461 kc_text_block\"><\/p>\n<h2>\u00bfQu\u00e9 es una Licencia de Actividad?<\/h2>\n<p>Una Licencia de Actividad es una autorizaci\u00f3n administrativa que otorga el ayuntamiento correspondiente para el desarrollo de cualquier actividad comercial, industrial o de servicios en un establecimiento determinado. Este permiso verifica que el local cumple con las normativas de seguridad, salud, accesibilidad y protecci\u00f3n del medio ambiente pertinentes, asegurando un entorno seguro tanto para los trabajadores como para los clientes.<\/p>\n<p>\n<\/div><div class=\"kc-elm kc-css-722319\" style=\"height: 10px; clear: both; width:100%;\"><\/div><div class=\"kc-elm kc-css-779024 kc_text_block\"><h2>Quins tipus de llic\u00e8ncies d&#8217;activitat hi ha?<\/h2>\n<p>Hi ha diverses llic\u00e8ncies d&#8217;activitat, cadascuna adaptada al tipus de negoci i ubicaci\u00f3.<\/p>\n<p>Les principals es divideixen en:<\/p>\n<ul>\n<li><strong>Llic\u00e8ncies d&#8217;obertura:<\/strong> necess\u00e0ries per iniciar qualsevol negoci o activitat comercial.<\/li>\n<li><strong>Llic\u00e8ncies Ambientals:<\/strong> Per a activitats que puguin tenir impacte ambiental oa la comunitat.<\/li>\n<li><strong>Llic\u00e8ncies de funcionament:<\/strong> Per verificar que el local compleix normatives espec\u00edfiques de seguretat i accessibilitat.<\/li>\n<\/ul>\n<\/div><div class=\"kc-elm kc-css-347914\" style=\"height: 10px; clear: both; width:100%;\"><\/div><div class=\"kc-elm kc-css-776310 kc_text_block\"><h2>Qu\u00e8 \u00e9s el projecte de llic\u00e8ncies dactivitat?<\/h2>\n<p>El projecte de llic\u00e8ncies dactivitat \u00e9s un document t\u00e8cnic que descriu detalladament la naturalesa del teu negoci, les instal\u00b7lacions i les mesures de seguretat i salut ocupacional. Aquest document \u00e9s crucial per obtenir la llic\u00e8ncia dactivitat, ja que demostra el compliment del teu negoci amb la legislaci\u00f3 local vigent.<\/p><\/p>\n<\/div><div class=\"kc-elm kc-css-75043\" style=\"height: 10px; clear: both; width:100%;\"><\/div><div class=\"kc-elm kc-css-724927 kc_text_block\"><h2>Qui fa un projecte dactivitat?<\/h2>\n<p>Un projecte dactivitat ha de ser elaborat per un professional qualificat, com un enginyer o un arquitecte. A JMPAN Enginyeria comptem amb un equip d&#8217;experts que tenen \u00e0mplia experi\u00e8ncia en l&#8217;elaboraci\u00f3 d&#8217;aquests projectes, assegurant que el teu negoci compleixi totes les normatives aplicables.<\/p><\/p>\n<\/div><div class=\"kc-elm kc-css-355830\" style=\"height: 10px; clear: both; width:100%;\"><\/div><div class=\"kc-elm kc-css-375642 kc_text_block\"><h2>Quan cal una llic\u00e8ncia d&#8217;activitat?<\/h2>\n<p>La necessitat d&#8217;una llic\u00e8ncia d&#8217;activitat sorgeix als escenaris seg\u00fcents:<\/p>\n<ul>\n<li><strong>Inauguraci\u00f3 de nous negocis:<\/strong> Abans d&#8217;obrir al p\u00fablic, cal comptar amb aquesta llic\u00e8ncia per garantir que el local est\u00e0 apte per a l&#8217;activitat a desenvolupar.<\/li>\n<li><strong>Canvi de titularitat:<\/strong> Si adquireixes un negoci existent, haur\u00e0s de tramitar una llic\u00e8ncia nova al teu nom.<\/li>\n<li><strong>Modificaci\u00f3 de l&#8217;activitat:<\/strong> Qualsevol canvi en la naturalesa de l&#8217;activitat del negoci requereix una actualitzaci\u00f3 o llic\u00e8ncia nova.<\/li>\n<li><strong>Ampliaci\u00f3 o modificaci\u00f3 del local:<\/strong> Si es realitzen canvis significatius en l&#8217;estructura o la distribuci\u00f3 de l&#8217;establiment, cal sol\u00b7licitar una llic\u00e8ncia que reflecteixi aquestes modificacions.<\/li>\n<\/ul>\n<\/div><div class=\"kc-elm kc-css-682439\" style=\"height: 10px; clear: both; width:100%;\"><\/div><div class=\"kc-elm kc-css-69401 kc_text_block\"><h2>Quins locals necessiten llic\u00e8ncia dactivitat?<\/h2>\n<p>Gaireb\u00e9 tots els locals comercials, industrials i de serveis a Mallorca necessiten una llic\u00e8ncia dactivitat per operar legalment. Aix\u00f2 inclou, per\u00f2 no es limita a:<\/p>\n<ul>\n<li><strong>Comer\u00e7os:<\/strong> Botigues de roba, supermercats, farm\u00e0cies.<\/li>\n<li><strong>Ind\u00fastries:<\/strong> F\u00e0briques, tallers, magatzems.<\/li>\n<li><strong>Hotels i allotjaments tur\u00edstics.<\/strong><\/li>\n<li><strong>Locals de restauraci\u00f3:<\/strong> bars, restaurants, cafeteries.<\/li>\n<li><strong>Oficines i despatxos professionals.<\/strong><\/li>\n<\/ul>\n<\/div><div class=\"kc-elm kc-css-198936\" style=\"height: 10px; clear: both; width:100%;\"><\/div><div class=\"kc-elm kc-css-415003 kc_text_block\"><h2>Per qu\u00e8 escollir-nos pel teu projecte de llic\u00e8ncia d&#8217;activitat?<\/h2>\n<p>A JMPAN Enginyeria, entenem la import\u00e0ncia d&#8217;iniciar la teva activitat empresarial amb el peu dret. El nostre equip d\u00b4experts s\u00b4encarregar\u00e0 de tot el proc\u00e9s, des de l\u00b4estudi inicial fins al lliurament de la llic\u00e8ncia, garantint un servei r\u00e0pid, eficient i personalitzat.<\/p>\n<p>Contacta&#8217;ns avui per a m\u00e9s informaci\u00f3 i fa el primer pas cap a l&#8217;\u00e8xit del teu negoci a Mallorca.<\/p>\n<\/div><div class=\"kc-elm kc-css-962829\" style=\"height: 100px; clear: both; width:100%;\"><\/div><\/div><\/div><div class=\"kc-elm kc-css-395998 kc_col-sm-1 kc_column_inner kc_col-sm-1\"><div class=\"kc_wrapper kc-col-inner-container\"><\/div><\/div><\/div><\/div><\/div><\/div><\/div><\/section><section class=\"kc-elm kc-css-932666 kc_row\"><div class=\"kc-row-container  kc-container\"><div class=\"kc-wrap-columns\"><div class=\"kc-elm kc-css-339303 kc_col-sm-2 kc_column kc_col-sm-2\"><div class=\"kc-col-container\"><div class=\"kc-elm kc-css-386865\" style=\"height: 20px; clear: both; width:100%;\"><\/div>\n<div class=\"kc-elm kc-css-724087\">\n\t<a class=\"kc_button\" href=\"https:\/\/www.jmpaningenieria.com\/ca\/simulacio-energetica\/\" target=\"_self\" title=\"Simulaci\u00f3 Energ\u00e8tica\" onclick=\"\">\n\t\t<i class=\"fa-arrow-alt-circle-left\"><\/i> Servei Anterior\t<\/a>\n<\/div>\n<div class=\"kc-elm kc-css-538830\" style=\"height: 20px; clear: both; width:100%;\"><\/div><\/div><\/div><div class=\"kc-elm kc-css-102367 kc_col-sm-2 kc_column kc_col-sm-2\"><div class=\"kc-col-container\"><div class=\"kc-elm kc-css-832508\" style=\"height: 20px; clear: both; width:100%;\"><\/div>\n<div class=\"kc-elm kc-css-776760\">\n\t<a class=\"kc_button\" href=\"https:\/\/www.jmpaningenieria.com\/ca\/test-blower-door-i-termografies\/\" target=\"_self\" title=\"Test Blower Door i Termografies\" onclick=\"\">\n\t\tServei Seg\u00fcent <i class=\"fa-arrow-alt-circle-right\"><\/i>\t<\/a>\n<\/div>\n<div class=\"kc-elm kc-css-729361\" style=\"height: 20px; clear: both; width:100%;\"><\/div><\/div><\/div><div class=\"kc-elm kc-css-188290 kc_col-sm-2 kc_column kc_col-sm-2\"><div class=\"kc-col-container\"><\/div><\/div><div class=\"kc-elm kc-css-576918 kc_col-sm-2 kc_column kc_col-sm-2\"><div class=\"kc-col-container\"><\/div><\/div><div class=\"kc-elm kc-css-201603 kc_col-sm-2 kc_column kc_col-sm-2\"><div class=\"kc-col-container\"><\/div><\/div><div class=\"kc-elm kc-css-834403 kc_col-sm-2 kc_column kc_col-sm-2\"><div class=\"kc-col-container\"><div class=\"kc-elm kc-css-961882\" style=\"height: 20px; clear: both; width:100%;\"><\/div>\n<div class=\"kc-elm kc-css-516479\">\n\t<a class=\"kc_button\" href=\"https:\/\/www.jmpaningenieria.com\/ca\/serveis-enginyeria\/\" target=\"_self\" title=\"Serveis d:apos:Enginyeria\" onclick=\"\">\n\t\t<i class=\"fa-circle\"><\/i> Tornar a Serveis\t<\/a>\n<\/div>\n<div class=\"kc-elm kc-css-733635\" style=\"height: 20px; clear: both; width:100%;\"><\/div><\/div><\/div><\/div><\/div><\/section><section class=\"kc-elm kc-css-778737 kc_row\"><div class=\"kc-row-container  kc-container\"><div class=\"kc-wrap-columns\"><div class=\"kc-elm kc-css-991323 kc_col-sm-12 kc_column kc_col-sm-12\"><div class=\"kc-col-container\"><div class=\"kc-elm kc-css-976965\" style=\"height: 30px; clear: both; width:100%;\"><\/div><\/div><\/div><\/div><\/div><\/section>","protected":false},"excerpt":{"rendered":"","protected":false},"author":1,"featured_media":0,"parent":0,"menu_order":0,"comment_status":"closed","ping_status":"closed","template":"tpl-king_composer.php","meta":{"_monsterinsights_skip_tracking":false,"_monsterinsights_sitenote_active":false,"_monsterinsights_sitenote_note":"","_monsterinsights_sitenote_category":0},"yoast_head":"<!-- This site is optimized with the Yoast SEO plugin v19.13 - https:\/\/yoast.com\/wordpress\/plugins\/seo\/ -->\n<title>Projectes Llic\u00e8ncies d&#039;activitat a Mallorca - JMPAN<\/title>\n<meta name=\"description\" content=\"\u00c0mplia experi\u00e8ncia a Mallorca, en tota mena de llic\u00e8ncia i projectes d&#039;activitats, inn\u00f2cues, menors i grans. Assessorament durant tot el proc\u00e9s.\" \/>\n<meta name=\"robots\" content=\"index, follow, max-snippet:-1, max-image-preview:large, max-video-preview:-1\" \/>\n<link rel=\"canonical\" href=\"https:\/\/www.jmpaningenieria.com\/ca\/llicencies-activitat\/\" \/>\n<meta name=\"twitter:label1\" content=\"Temps estimat de lectura\" \/>\n\t<meta name=\"twitter:data1\" content=\"3 minuts\" \/>\n<script type=\"application\/ld+json\" class=\"yoast-schema-graph\">{\"@context\":\"https:\/\/schema.org\",\"@graph\":[{\"@type\":\"WebPage\",\"@id\":\"https:\/\/www.jmpaningenieria.com\/ca\/llicencies-activitat\/\",\"url\":\"https:\/\/www.jmpaningenieria.com\/ca\/llicencies-activitat\/\",\"name\":\"Projectes Llic\u00e8ncies d'activitat a Mallorca - JMPAN\",\"isPartOf\":{\"@id\":\"https:\/\/www.jmpaningenieria.com\/ca\/#website\"},\"datePublished\":\"2021-07-20T15:43:07+00:00\",\"dateModified\":\"2024-03-14T16:21:03+00:00\",\"description\":\"\u00c0mplia experi\u00e8ncia a Mallorca, en tota mena de llic\u00e8ncia i projectes d'activitats, inn\u00f2cues, menors i grans. Assessorament durant tot el proc\u00e9s.\",\"breadcrumb\":{\"@id\":\"https:\/\/www.jmpaningenieria.com\/ca\/llicencies-activitat\/#breadcrumb\"},\"inLanguage\":\"ca\",\"potentialAction\":[{\"@type\":\"ReadAction\",\"target\":[\"https:\/\/www.jmpaningenieria.com\/ca\/llicencies-activitat\/\"]}]},{\"@type\":\"BreadcrumbList\",\"@id\":\"https:\/\/www.jmpaningenieria.com\/ca\/llicencies-activitat\/#breadcrumb\",\"itemListElement\":[{\"@type\":\"ListItem\",\"position\":1,\"name\":\"Portada\",\"item\":\"https:\/\/www.jmpaningenieria.com\/ca\/\"},{\"@type\":\"ListItem\",\"position\":2,\"name\":\"Llic\u00e8ncies d&#8217;activitat\"}]},{\"@type\":\"WebSite\",\"@id\":\"https:\/\/www.jmpaningenieria.com\/ca\/#website\",\"url\":\"https:\/\/www.jmpaningenieria.com\/ca\/\",\"name\":\"JMPAN Ingenier\u00eda Sostenible\",\"description\":\"JMPAN Ingenier\u00eda, con sede en Mallorca, evaluamos y asesoramos a profesionales del mundo de la construcci\u00f3n para obtener el certificado de sostenibilidad VERDE tanto en Baleares, como a nivel estatal. Evaluador Acreditado VERDE\",\"publisher\":{\"@id\":\"https:\/\/www.jmpaningenieria.com\/ca\/#\/schema\/person\/42a492bb269b09b8aefd56a7979e8fe5\"},\"potentialAction\":[{\"@type\":\"SearchAction\",\"target\":{\"@type\":\"EntryPoint\",\"urlTemplate\":\"https:\/\/www.jmpaningenieria.com\/ca\/?s={search_term_string}\"},\"query-input\":\"required name=search_term_string\"}],\"inLanguage\":\"ca\"},{\"@type\":[\"Person\",\"Organization\"],\"@id\":\"https:\/\/www.jmpaningenieria.com\/ca\/#\/schema\/person\/42a492bb269b09b8aefd56a7979e8fe5\",\"name\":\"admin3349\",\"image\":{\"@type\":\"ImageObject\",\"inLanguage\":\"ca\",\"@id\":\"https:\/\/www.jmpaningenieria.com\/ca\/#\/schema\/person\/image\/\",\"url\":\"https:\/\/www.jmpaningenieria.com\/wp-content\/uploads\/2021\/04\/logo-jmpaningenieria-1-e1618416239816.png\",\"contentUrl\":\"https:\/\/www.jmpaningenieria.com\/wp-content\/uploads\/2021\/04\/logo-jmpaningenieria-1-e1618416239816.png\",\"width\":300,\"height\":191,\"caption\":\"admin3349\"},\"logo\":{\"@id\":\"https:\/\/www.jmpaningenieria.com\/ca\/#\/schema\/person\/image\/\"},\"sameAs\":[\"http:\/\/zwdhzsi.cluster030.hosting.ovh.net\"]}]}<\/script>\n<!-- \/ Yoast SEO plugin. -->","yoast_head_json":{"title":"Projectes Llic\u00e8ncies d'activitat a Mallorca - JMPAN","description":"\u00c0mplia experi\u00e8ncia a Mallorca, en tota mena de llic\u00e8ncia i projectes d'activitats, inn\u00f2cues, menors i grans. Assessorament durant tot el proc\u00e9s.","robots":{"index":"index","follow":"follow","max-snippet":"max-snippet:-1","max-image-preview":"max-image-preview:large","max-video-preview":"max-video-preview:-1"},"canonical":"https:\/\/www.jmpaningenieria.com\/ca\/llicencies-activitat\/","twitter_misc":{"Temps estimat de lectura":"3 minuts"},"schema":{"@context":"https:\/\/schema.org","@graph":[{"@type":"WebPage","@id":"https:\/\/www.jmpaningenieria.com\/ca\/llicencies-activitat\/","url":"https:\/\/www.jmpaningenieria.com\/ca\/llicencies-activitat\/","name":"Projectes Llic\u00e8ncies d'activitat a Mallorca - JMPAN","isPartOf":{"@id":"https:\/\/www.jmpaningenieria.com\/ca\/#website"},"datePublished":"2021-07-20T15:43:07+00:00","dateModified":"2024-03-14T16:21:03+00:00","description":"\u00c0mplia experi\u00e8ncia a Mallorca, en tota mena de llic\u00e8ncia i projectes d'activitats, inn\u00f2cues, menors i grans. Assessorament durant tot el proc\u00e9s.","breadcrumb":{"@id":"https:\/\/www.jmpaningenieria.com\/ca\/llicencies-activitat\/#breadcrumb"},"inLanguage":"ca","potentialAction":[{"@type":"ReadAction","target":["https:\/\/www.jmpaningenieria.com\/ca\/llicencies-activitat\/"]}]},{"@type":"BreadcrumbList","@id":"https:\/\/www.jmpaningenieria.com\/ca\/llicencies-activitat\/#breadcrumb","itemListElement":[{"@type":"ListItem","position":1,"name":"Portada","item":"https:\/\/www.jmpaningenieria.com\/ca\/"},{"@type":"ListItem","position":2,"name":"Llic\u00e8ncies d&#8217;activitat"}]},{"@type":"WebSite","@id":"https:\/\/www.jmpaningenieria.com\/ca\/#website","url":"https:\/\/www.jmpaningenieria.com\/ca\/","name":"JMPAN Ingenier\u00eda Sostenible","description":"JMPAN Ingenier\u00eda, con sede en Mallorca, evaluamos y asesoramos a profesionales del mundo de la construcci\u00f3n para obtener el certificado de sostenibilidad VERDE tanto en Baleares, como a nivel estatal. Evaluador Acreditado VERDE","publisher":{"@id":"https:\/\/www.jmpaningenieria.com\/ca\/#\/schema\/person\/42a492bb269b09b8aefd56a7979e8fe5"},"potentialAction":[{"@type":"SearchAction","target":{"@type":"EntryPoint","urlTemplate":"https:\/\/www.jmpaningenieria.com\/ca\/?s={search_term_string}"},"query-input":"required name=search_term_string"}],"inLanguage":"ca"},{"@type":["Person","Organization"],"@id":"https:\/\/www.jmpaningenieria.com\/ca\/#\/schema\/person\/42a492bb269b09b8aefd56a7979e8fe5","name":"admin3349","image":{"@type":"ImageObject","inLanguage":"ca","@id":"https:\/\/www.jmpaningenieria.com\/ca\/#\/schema\/person\/image\/","url":"https:\/\/www.jmpaningenieria.com\/wp-content\/uploads\/2021\/04\/logo-jmpaningenieria-1-e1618416239816.png","contentUrl":"https:\/\/www.jmpaningenieria.com\/wp-content\/uploads\/2021\/04\/logo-jmpaningenieria-1-e1618416239816.png","width":300,"height":191,"caption":"admin3349"},"logo":{"@id":"https:\/\/www.jmpaningenieria.com\/ca\/#\/schema\/person\/image\/"},"sameAs":["http:\/\/zwdhzsi.cluster030.hosting.ovh.net"]}]}},"_links":{"self":[{"href":"https:\/\/www.jmpaningenieria.com\/ca\/wp-json\/wp\/v2\/pages\/2454"}],"collection":[{"href":"https:\/\/www.jmpaningenieria.com\/ca\/wp-json\/wp\/v2\/pages"}],"about":[{"href":"https:\/\/www.jmpaningenieria.com\/ca\/wp-json\/wp\/v2\/types\/page"}],"author":[{"embeddable":true,"href":"https:\/\/www.jmpaningenieria.com\/ca\/wp-json\/wp\/v2\/users\/1"}],"replies":[{"embeddable":true,"href":"https:\/\/www.jmpaningenieria.com\/ca\/wp-json\/wp\/v2\/comments?post=2454"}],"version-history":[{"count":8,"href":"https:\/\/www.jmpaningenieria.com\/ca\/wp-json\/wp\/v2\/pages\/2454\/revisions"}],"predecessor-version":[{"id":2616,"href":"https:\/\/www.jmpaningenieria.com\/ca\/wp-json\/wp\/v2\/pages\/2454\/revisions\/2616"}],"wp:attachment":[{"href":"https:\/\/www.jmpaningenieria.com\/ca\/wp-json\/wp\/v2\/media?parent=2454"}],"curies":[{"name":"wp","href":"https:\/\/api.w.org\/{rel}","templated":true}]}}