{"id":2450,"date":"2021-07-20T16:29:53","date_gmt":"2021-07-20T15:29:53","guid":{"rendered":"https:\/\/www.jmpaningenieria.com\/?page_id=2450"},"modified":"2024-03-14T17:33:57","modified_gmt":"2024-03-14T16:33:57","slug":"instalacions","status":"publish","type":"page","link":"https:\/\/www.jmpaningenieria.com\/ca\/instalacions\/","title":{"rendered":"Instal\u00b7lacions"},"content":{"rendered":"<section class=\"kc-elm kc-css-591458 kc_row\"><div class=\"kc-row-container  kc-container\"><div class=\"kc-wrap-columns\"><div class=\"kc-elm kc-css-337208 kc_col-sm-12 kc_column kc_col-sm-12\"><div class=\"kc-col-container\"><div class=\"kc-elm kc-css-731434\" style=\"height: 50px; clear: both; width:100%;\"><\/div>\n\t<!--Main Slider-->\n\t<section class=\"rev_slider_wrapper\">\n\t\n\t\t\n\t\t\t<!-- START Servicios Slide 11 REVOLUTION SLIDER 6.2.21 --><p class=\"rs-p-wp-fix\"><\/p>\n\t\t\t<rs-module-wrap id=\"rev_slider_9_1_wrapper\" data-source=\"gallery\" style=\"background:transparent;padding:0;margin:0px auto;margin-top:0;margin-bottom:0;\">\n\t\t\t\t<rs-module id=\"rev_slider_9_1\" style=\"\" data-version=\"6.2.21\">\n\t\t\t\t\t<rs-slides>\n\t\t\t\t\t\t<rs-slide data-key=\"rs-23\" data-title=\"Slide\" data-anim=\"ei:d;eo:d;s:d;r:0;t:notransition;sl:d;\">\n\t\t\t\t\t\t\t<img src=\"\/\/www.jmpaningenieria.com\/wp-content\/uploads\/2021\/04\/calculo-huella-de-carbono-mallorca.jpg\" title=\"calculo-huella-de-carbono-mallorca\" width=\"1900\" height=\"1160\" class=\"rev-slidebg\" data-no-retina>\n<!---->\t\t\t\t\t\t<\/rs-slide>\n\t\t\t\t\t<\/rs-slides>\n\t\t\t\t<\/rs-module>\n\t\t\t\t<script type=\"text\/javascript\">\n\t\t\t\t\tsetREVStartSize({c: 'rev_slider_9_1',rl:[1240,1024,778,480],el:[250],gw:[1200],gh:[250],type:'hero',justify:'',layout:'fullwidth',mh:\"0\"});\n\t\t\t\t\tvar\trevapi9,\n\t\t\t\t\t\ttpj;\n\t\t\t\t\tfunction revinit_revslider91() {\n\t\t\t\t\tjQuery(function() {\n\t\t\t\t\t\ttpj = jQuery;\n\t\t\t\t\t\trevapi9 = tpj(\"#rev_slider_9_1\");\n\t\t\t\t\t\tif(revapi9==undefined || revapi9.revolution == undefined){\n\t\t\t\t\t\t\trevslider_showDoubleJqueryError(\"rev_slider_9_1\");\n\t\t\t\t\t\t}else{\n\t\t\t\t\t\t\trevapi9.revolution({\n\t\t\t\t\t\t\t\tsliderType:\"hero\",\n\t\t\t\t\t\t\t\tsliderLayout:\"fullwidth\",\n\t\t\t\t\t\t\t\tvisibilityLevels:\"1240,1024,778,480\",\n\t\t\t\t\t\t\t\tgridwidth:1200,\n\t\t\t\t\t\t\t\tgridheight:250,\n\t\t\t\t\t\t\t\tstartDelay:\"3ms\",\n\t\t\t\t\t\t\t\tspinner:\"spinner0\",\n\t\t\t\t\t\t\t\tperspective:600,\n\t\t\t\t\t\t\t\tperspectiveType:\"local\",\n\t\t\t\t\t\t\t\teditorheight:\"250,768,960,720\",\n\t\t\t\t\t\t\t\tresponsiveLevels:\"1240,1024,778,480\",\n\t\t\t\t\t\t\t\tprogressBar:{disableProgressBar:true},\n\t\t\t\t\t\t\t\tnavigation: {\n\t\t\t\t\t\t\t\t\tonHoverStop:false\n\t\t\t\t\t\t\t\t},\n\t\t\t\t\t\t\t\tfallbacks: {\n\t\t\t\t\t\t\t\t\tallowHTML5AutoPlayOnAndroid:true\n\t\t\t\t\t\t\t\t},\n\t\t\t\t\t\t\t});\n\t\t\t\t\t\t}\n\t\t\t\t\t\t\n\t\t\t\t\t});\n\t\t\t\t\t} \/\/ End of RevInitScript\n\t\t\t\tif (document.readyState === \"loading\") window.addEventListener('DOMContentLoaded',function() { revinit_revslider91();}); else revinit_revslider91();\n\t\t\t\t<\/script>\n\t\t\t<\/rs-module-wrap>\n\t\t\t<!-- END REVOLUTION SLIDER -->\n\t\n\t<\/section>\n\t<!--End Main Slider-->\n\n<div class=\"kc-elm kc-css-411260\" style=\"height: 50px; clear: both; width:100%;\"><\/div><\/div><\/div><\/div><\/div><\/section><section class=\"kc-elm kc-css-504449 kc_row\"><div class=\"kc-row-container  kc-container\"><div class=\"kc-wrap-columns\"><div class=\"kc-elm kc-css-128588 kc_col-sm-12 kc_column kc_col-sm-12\"><div class=\"kc-col-container\"><div class=\"kc-elm kc-css-189931 kc_row kc_row_inner\"><div class=\"kc-elm kc-css-906025 kc_col-sm-7 kc_column_inner kc_col-sm-7\"><div class=\"kc_wrapper kc-col-inner-container\"><div class=\"kc-elm kc-css-336995 kc_text_block\"><\/p>\n<h1><strong><span data-sheets-root=\"1\" data-sheets-value=\"{\" data-sheets-userformat=\"{\">Projectes Instal\u00b7lacions a Mallorca<\/span><br \/><\/strong><\/h1>\n<hr \/>\n<p>\n<\/div><div class=\"kc-elm kc-css-743880\" style=\"height: 10px; clear: both; width:100%;\"><\/div><div class=\"kc-elm kc-css-680031 kc_text_block\"><\/p>\n<div class=\"oSioSc\">\n<div id=\"tw-target\">\n<div id=\"kAz1tf\" class=\"g9WsWb\">\n<ul>\n<li dir=\"ltr\" data-placeholder=\"Traducci\u00f3n\">A JMPAN Enginyeria, amb una s\u00f2lida experi\u00e8ncia i un enfocament dedicat a la sostenibilitat i efici\u00e8ncia, oferim una gamma completa de serveis de creaci\u00f3 de projectes d&#039;instal\u00b7lacions, dissenyats per complir totes les necessitats d&#039;enginyeria i arquitectura t\u00e8cnica.<\/li>\n<\/ul>\n<\/div>\n<\/div>\n<\/div>\n<p>\n<\/div><\/div><\/div><div class=\"kc-elm kc-css-147835 kc_col-sm-5 kc_column_inner kc_col-sm-5\"><div class=\"kc_wrapper kc-col-inner-container\"><div class=\"kc-elm kc-css-269326\" style=\"height: 100px; clear: both; width:100%;\"><\/div><div class=\"kc-elm kc-css-883700 kc_text_block\"><\/p>\n<blockquote>\n<h2><span class=\"Y2IQFc\" lang=\"ca\">Realitzem projectes, adre\u00e7a d&#039;obra i c\u00e0lculs per a tot tipus d&#039;instal\u00b7lacions.<\/span><\/h2>\n<h2><strong>\u00a0<\/strong><\/h2>\n<\/blockquote>\n<p><!-- \/wp:heading --><\/p>\n<p><!-- wp:paragraph {\"style\":{\"color\":{\"text\":\"#333e48\"}}} --><\/p>\n<p><!-- \/wp:paragraph --><\/p>\n<p><!-- wp:paragraph --><\/p>\n<p><!-- \/wp:paragraph --><\/p>\n<p>\n<\/div><\/div><\/div><\/div><div class=\"kc-elm kc-css-508236 kc_row kc_row_inner\"><div class=\"kc-elm kc-css-164792 kc_col-sm-11 kc_column_inner kc_col-sm-11\"><div class=\"kc_wrapper kc-col-inner-container\"><div class=\"kc-elm kc-css-892095\" style=\"height: 10px; clear: both; width:100%;\"><\/div><div class=\"kc-elm kc-css-557253 kc_text_block\"><h2>Tipus de projectes d&#8217;instal\u00b7lacions<\/h2><\/p>\n<\/div><div class=\"kc-elm kc-css-895109 kc_text_block\"><h3>Instal\u00b7lacions el\u00e8ctriques<\/h3>\n<ul>\n<li><strong>Projectes d&#8217;instal\u00b7lacions de baixa tensi\u00f3:<\/strong> Dissenyem sistemes el\u00e8ctrics segurs i eficients per a resid\u00e8ncies, oficines i locals comercials, garantint el compliment de totes les normatives vigents.<\/li>\n<li><strong>Projectes d&#8217;instal\u00b7lacions d&#8217;alta tensi\u00f3<\/strong>: Especialitzats en el desenvolupament d&#8217;infraestructures el\u00e8ctriques d&#8217;alta tensi\u00f3 per a projectes de gran envergadura, incloent-hi la distribuci\u00f3 i la transmissi\u00f3 d&#8217;energia.<\/li>\n<\/ul>\n<\/div><div class=\"kc-elm kc-css-764694\" style=\"height: 10px; clear: both; width:100%;\"><\/div><div class=\"kc-elm kc-css-675063 kc_text_block\"><h3>Energies renovables i sostenibilitat<\/h3>\n<ul>\n<li><strong>Projectes d&#8217;instal\u00b7lacions de plaques fotovoltaiques:<\/strong> Aprofiteu l&#8217;energia del sol per generar electricitat de manera neta i eficient amb els nostres sistemes fotovoltaics personalitzats.<\/li>\n<li><strong>Projectes dinstal\u00b7lacions de plaques solars t\u00e8rmiques:<\/strong> Solucions per a la producci\u00f3 daigua calenta sanit\u00e0ria i suport a sistemes de calefacci\u00f3, utilitzant lenergia solar t\u00e8rmica.<\/li>\n<li><strong>Projectes d\u00b4instal\u00b7lacions de biomassa:<\/strong> Implementaci\u00f3 de sistemes de calefacci\u00f3 i producci\u00f3 d\u00b4energia a partir de biomassa, una opci\u00f3 renovable i respectuosa amb el medi ambient.<\/li>\n<\/ul>\n<\/div><div class=\"kc-elm kc-css-55774\" style=\"height: 10px; clear: both; width:100%;\"><\/div><div class=\"kc-elm kc-css-179310 kc_text_block\"><h3>Climatitzaci\u00f3 i confort<\/h3>\n<ul>\n<li><strong>Projectes d\u00b4instal\u00b7lacions de climatitzaci\u00f3, calefacci\u00f3 i aerot\u00e8rmia:<\/strong> Sistemes de climatitzaci\u00f3 i calefacci\u00f3 d\u00b4alt rendiment que garanteixen el confort en tot tipus d\u00b4edificacions, aprofitant l\u00b4efici\u00e8ncia de l\u00b4aerot\u00e8rmia.<\/li>\n<li><strong>Projectes d&#8217;instal\u00b7lacions de gas:<\/strong> Disseny i implementaci\u00f3 d&#8217;instal\u00b7lacions segures i regulades per al subministrament i l&#8217;\u00fas de gas, en aplicacions dom\u00e8stiques i industrials.<\/li>\n<\/ul>\n<\/div><div class=\"kc-elm kc-css-385893\" style=\"height: 10px; clear: both; width:100%;\"><\/div><div class=\"kc-elm kc-css-123781 kc_text_block\"><h3>Seguretat i telecomunicacions<\/h3>\n<ul>\n<li><strong>Projectes d&#8217;instal\u00b7lacions de protecci\u00f3 contra incendis:<\/strong> Sistemes integrals de protecci\u00f3 contra incendis, incloent-hi detecci\u00f3, alarma i sistemes d&#8217;extinci\u00f3, per protegir persones i b\u00e9ns.<\/li>\n<li><strong>Projectes d&#8217;instal\u00b7lacions de telecomunicacions:<\/strong> Infraestructures de telecomunicacions modernes i eficients per a edificis, assegurant-ne una connectivitat \u00f2ptima i la integraci\u00f3 de serveis digitals.<\/li>\n<\/ul>\n<\/div><div class=\"kc-elm kc-css-737756\" style=\"height: 10px; clear: both; width:100%;\"><\/div><div class=\"kc-elm kc-css-243523 kc_text_block\"><h3>Fontaneria i sanejament<\/h3>\n<ul>\n<li><strong>Projectes d&#8217;instal\u00b7lacions de fontaneria i sanejament:<\/strong> Solucions completes per a sistemes de fontaneria i sanejament, garantint el subministrament d&#8217;aigua i la correcta evacuaci\u00f3 d&#8217;aig\u00fces residuals amb el respecte m\u00e0xim al medi ambient.<\/li>\n<\/ul>\n<\/div><div class=\"kc-elm kc-css-107220\" style=\"height: 10px; clear: both; width:100%;\"><\/div><div class=\"kc-elm kc-css-25293 kc_text_block\"><h2>Per qu\u00e8 triar-nos?<\/h2>\n<p>A JMPAN Enginyeria combinem l&#8217;experi\u00e8ncia t\u00e8cnica amb un enfocament personalitzat per a cada projecte, assegurant solucions a mesura que compleixen les expectatives dels nostres clients. Ens comprometem amb la qualitat, la sostenibilitat i la innovaci\u00f3 a tots els nostres projectes, des del disseny fins a l&#8217;execuci\u00f3.<\/p>\n<p>Contacteu-nos avui mateix per comen\u00e7ar a donar forma al vostre projecte d&#8217;instal\u00b7laci\u00f3 i descobriu com podem ajudar-lo a assolir els vostres objectius amb efici\u00e8ncia i professionalisme.<\/p>\n<\/div><div class=\"kc-elm kc-css-61172\" style=\"height: 0px; clear: both; width:100%;\"><\/div><\/div><\/div><div class=\"kc-elm kc-css-562041 kc_col-sm-1 kc_column_inner kc_col-sm-1\"><div class=\"kc_wrapper kc-col-inner-container\"><\/div><\/div><\/div><\/div><\/div><\/div><\/div><\/section><section class=\"kc-elm kc-css-722362 kc_row\"><div class=\"kc-row-container  kc-container\"><div class=\"kc-wrap-columns\"><div class=\"kc-elm kc-css-374873 kc_col-sm-2 kc_column kc_col-sm-2\"><div class=\"kc-col-container\"><div class=\"kc-elm kc-css-345911\" style=\"height: 20px; clear: both; width:100%;\"><\/div>\n<div class=\"kc-elm kc-css-356317\">\n\t<a class=\"kc_button\" href=\"https:\/\/www.jmpaningenieria.com\/ca\/energies-renovables\/\" target=\"_self\" title=\"Energies Renovables\" onclick=\"\">\n\t\t<i class=\"fa-arrow-alt-circle-left\"><\/i> Servei Anterior\t<\/a>\n<\/div>\n<div class=\"kc-elm kc-css-453743\" style=\"height: 20px; clear: both; width:100%;\"><\/div><\/div><\/div><div class=\"kc-elm kc-css-854316 kc_col-sm-2 kc_column kc_col-sm-2\"><div class=\"kc-col-container\"><div class=\"kc-elm kc-css-398396\" style=\"height: 20px; clear: both; width:100%;\"><\/div>\n<div class=\"kc-elm kc-css-260485\">\n\t<a class=\"kc_button\" href=\"https:\/\/www.jmpaningenieria.com\/ca\/simulacio-energetica\/\" target=\"_self\" title=\"Simulaci\u00f3 Energ\u00e8tica\" onclick=\"\">\n\t\tServei Seg\u00fcent <i class=\"fa-arrow-alt-circle-right\"><\/i>\t<\/a>\n<\/div>\n<div class=\"kc-elm kc-css-364611\" style=\"height: 20px; clear: both; width:100%;\"><\/div><\/div><\/div><div class=\"kc-elm kc-css-236084 kc_col-sm-2 kc_column kc_col-sm-2\"><div class=\"kc-col-container\"><\/div><\/div><div class=\"kc-elm kc-css-589226 kc_col-sm-2 kc_column kc_col-sm-2\"><div class=\"kc-col-container\"><\/div><\/div><div class=\"kc-elm kc-css-514929 kc_col-sm-2 kc_column kc_col-sm-2\"><div class=\"kc-col-container\"><\/div><\/div><div class=\"kc-elm kc-css-657731 kc_col-sm-2 kc_column kc_col-sm-2\"><div class=\"kc-col-container\"><div class=\"kc-elm kc-css-123753\" style=\"height: 20px; clear: both; width:100%;\"><\/div>\n<div class=\"kc-elm kc-css-457518\">\n\t<a class=\"kc_button\" href=\"https:\/\/www.jmpaningenieria.com\/ca\/serveis-enginyeria\/\" target=\"_self\" title=\"Serveis d:apos:Enginyeria\" onclick=\"\">\n\t\t<i class=\"fa-circle\"><\/i> Tornar a Serveis\t<\/a>\n<\/div>\n<div class=\"kc-elm kc-css-74334\" style=\"height: 20px; clear: both; width:100%;\"><\/div><\/div><\/div><\/div><\/div><\/section><section class=\"kc-elm kc-css-33025 kc_row\"><div class=\"kc-row-container  kc-container\"><div class=\"kc-wrap-columns\"><div class=\"kc-elm kc-css-998160 kc_col-sm-12 kc_column kc_col-sm-12\"><div class=\"kc-col-container\"><div class=\"kc-elm kc-css-904560\" style=\"height: 30px; clear: both; width:100%;\"><\/div><\/div><\/div><\/div><\/div><\/section>","protected":false},"excerpt":{"rendered":"","protected":false},"author":1,"featured_media":0,"parent":0,"menu_order":0,"comment_status":"closed","ping_status":"closed","template":"tpl-king_composer.php","meta":{"_monsterinsights_skip_tracking":false,"_monsterinsights_sitenote_active":false,"_monsterinsights_sitenote_note":"","_monsterinsights_sitenote_category":0},"yoast_head":"<!-- This site is optimized with the Yoast SEO plugin v19.13 - https:\/\/yoast.com\/wordpress\/plugins\/seo\/ -->\n<title>Projectes d\u00b4instal\u00b7lacions i direcci\u00f3 d\u00b4obra a Mallorca<\/title>\n<meta name=\"description\" content=\"JMPAN Enginyeria realitza projectes, direccions d&#039;obra i c\u00e0lculs per a tot tipus d&#039;instal\u00b7lacions.\" \/>\n<meta name=\"robots\" content=\"index, follow, max-snippet:-1, max-image-preview:large, max-video-preview:-1\" \/>\n<link rel=\"canonical\" href=\"https:\/\/www.jmpaningenieria.com\/ca\/instalacions\/\" \/>\n<meta name=\"twitter:label1\" content=\"Temps estimat de lectura\" \/>\n\t<meta name=\"twitter:data1\" content=\"2 minuts\" \/>\n<script type=\"application\/ld+json\" class=\"yoast-schema-graph\">{\"@context\":\"https:\/\/schema.org\",\"@graph\":[{\"@type\":\"WebPage\",\"@id\":\"https:\/\/www.jmpaningenieria.com\/ca\/instalacions\/\",\"url\":\"https:\/\/www.jmpaningenieria.com\/ca\/instalacions\/\",\"name\":\"Projectes d\u00b4instal\u00b7lacions i direcci\u00f3 d\u00b4obra a Mallorca\",\"isPartOf\":{\"@id\":\"https:\/\/www.jmpaningenieria.com\/ca\/#website\"},\"datePublished\":\"2021-07-20T15:29:53+00:00\",\"dateModified\":\"2024-03-14T16:33:57+00:00\",\"description\":\"JMPAN Enginyeria realitza projectes, direccions d'obra i c\u00e0lculs per a tot tipus d'instal\u00b7lacions.\",\"breadcrumb\":{\"@id\":\"https:\/\/www.jmpaningenieria.com\/ca\/instalacions\/#breadcrumb\"},\"inLanguage\":\"ca\",\"potentialAction\":[{\"@type\":\"ReadAction\",\"target\":[\"https:\/\/www.jmpaningenieria.com\/ca\/instalacions\/\"]}]},{\"@type\":\"BreadcrumbList\",\"@id\":\"https:\/\/www.jmpaningenieria.com\/ca\/instalacions\/#breadcrumb\",\"itemListElement\":[{\"@type\":\"ListItem\",\"position\":1,\"name\":\"Portada\",\"item\":\"https:\/\/www.jmpaningenieria.com\/ca\/\"},{\"@type\":\"ListItem\",\"position\":2,\"name\":\"Instal\u00b7lacions\"}]},{\"@type\":\"WebSite\",\"@id\":\"https:\/\/www.jmpaningenieria.com\/ca\/#website\",\"url\":\"https:\/\/www.jmpaningenieria.com\/ca\/\",\"name\":\"JMPAN Ingenier\u00eda Sostenible\",\"description\":\"JMPAN Ingenier\u00eda, con sede en Mallorca, evaluamos y asesoramos a profesionales del mundo de la construcci\u00f3n para obtener el certificado de sostenibilidad VERDE tanto en Baleares, como a nivel estatal. Evaluador Acreditado VERDE\",\"publisher\":{\"@id\":\"https:\/\/www.jmpaningenieria.com\/ca\/#\/schema\/person\/42a492bb269b09b8aefd56a7979e8fe5\"},\"potentialAction\":[{\"@type\":\"SearchAction\",\"target\":{\"@type\":\"EntryPoint\",\"urlTemplate\":\"https:\/\/www.jmpaningenieria.com\/ca\/?s={search_term_string}\"},\"query-input\":\"required name=search_term_string\"}],\"inLanguage\":\"ca\"},{\"@type\":[\"Person\",\"Organization\"],\"@id\":\"https:\/\/www.jmpaningenieria.com\/ca\/#\/schema\/person\/42a492bb269b09b8aefd56a7979e8fe5\",\"name\":\"admin3349\",\"image\":{\"@type\":\"ImageObject\",\"inLanguage\":\"ca\",\"@id\":\"https:\/\/www.jmpaningenieria.com\/ca\/#\/schema\/person\/image\/\",\"url\":\"https:\/\/www.jmpaningenieria.com\/wp-content\/uploads\/2021\/04\/logo-jmpaningenieria-1-e1618416239816.png\",\"contentUrl\":\"https:\/\/www.jmpaningenieria.com\/wp-content\/uploads\/2021\/04\/logo-jmpaningenieria-1-e1618416239816.png\",\"width\":300,\"height\":191,\"caption\":\"admin3349\"},\"logo\":{\"@id\":\"https:\/\/www.jmpaningenieria.com\/ca\/#\/schema\/person\/image\/\"},\"sameAs\":[\"http:\/\/zwdhzsi.cluster030.hosting.ovh.net\"]}]}<\/script>\n<!-- \/ Yoast SEO plugin. -->","yoast_head_json":{"title":"Projectes d\u00b4instal\u00b7lacions i direcci\u00f3 d\u00b4obra a Mallorca","description":"JMPAN Enginyeria realitza projectes, direccions d'obra i c\u00e0lculs per a tot tipus d'instal\u00b7lacions.","robots":{"index":"index","follow":"follow","max-snippet":"max-snippet:-1","max-image-preview":"max-image-preview:large","max-video-preview":"max-video-preview:-1"},"canonical":"https:\/\/www.jmpaningenieria.com\/ca\/instalacions\/","twitter_misc":{"Temps estimat de lectura":"2 minuts"},"schema":{"@context":"https:\/\/schema.org","@graph":[{"@type":"WebPage","@id":"https:\/\/www.jmpaningenieria.com\/ca\/instalacions\/","url":"https:\/\/www.jmpaningenieria.com\/ca\/instalacions\/","name":"Projectes d\u00b4instal\u00b7lacions i direcci\u00f3 d\u00b4obra a Mallorca","isPartOf":{"@id":"https:\/\/www.jmpaningenieria.com\/ca\/#website"},"datePublished":"2021-07-20T15:29:53+00:00","dateModified":"2024-03-14T16:33:57+00:00","description":"JMPAN Enginyeria realitza projectes, direccions d'obra i c\u00e0lculs per a tot tipus d'instal\u00b7lacions.","breadcrumb":{"@id":"https:\/\/www.jmpaningenieria.com\/ca\/instalacions\/#breadcrumb"},"inLanguage":"ca","potentialAction":[{"@type":"ReadAction","target":["https:\/\/www.jmpaningenieria.com\/ca\/instalacions\/"]}]},{"@type":"BreadcrumbList","@id":"https:\/\/www.jmpaningenieria.com\/ca\/instalacions\/#breadcrumb","itemListElement":[{"@type":"ListItem","position":1,"name":"Portada","item":"https:\/\/www.jmpaningenieria.com\/ca\/"},{"@type":"ListItem","position":2,"name":"Instal\u00b7lacions"}]},{"@type":"WebSite","@id":"https:\/\/www.jmpaningenieria.com\/ca\/#website","url":"https:\/\/www.jmpaningenieria.com\/ca\/","name":"JMPAN Ingenier\u00eda Sostenible","description":"JMPAN Ingenier\u00eda, con sede en Mallorca, evaluamos y asesoramos a profesionales del mundo de la construcci\u00f3n para obtener el certificado de sostenibilidad VERDE tanto en Baleares, como a nivel estatal. Evaluador Acreditado VERDE","publisher":{"@id":"https:\/\/www.jmpaningenieria.com\/ca\/#\/schema\/person\/42a492bb269b09b8aefd56a7979e8fe5"},"potentialAction":[{"@type":"SearchAction","target":{"@type":"EntryPoint","urlTemplate":"https:\/\/www.jmpaningenieria.com\/ca\/?s={search_term_string}"},"query-input":"required name=search_term_string"}],"inLanguage":"ca"},{"@type":["Person","Organization"],"@id":"https:\/\/www.jmpaningenieria.com\/ca\/#\/schema\/person\/42a492bb269b09b8aefd56a7979e8fe5","name":"admin3349","image":{"@type":"ImageObject","inLanguage":"ca","@id":"https:\/\/www.jmpaningenieria.com\/ca\/#\/schema\/person\/image\/","url":"https:\/\/www.jmpaningenieria.com\/wp-content\/uploads\/2021\/04\/logo-jmpaningenieria-1-e1618416239816.png","contentUrl":"https:\/\/www.jmpaningenieria.com\/wp-content\/uploads\/2021\/04\/logo-jmpaningenieria-1-e1618416239816.png","width":300,"height":191,"caption":"admin3349"},"logo":{"@id":"https:\/\/www.jmpaningenieria.com\/ca\/#\/schema\/person\/image\/"},"sameAs":["http:\/\/zwdhzsi.cluster030.hosting.ovh.net"]}]}},"_links":{"self":[{"href":"https:\/\/www.jmpaningenieria.com\/ca\/wp-json\/wp\/v2\/pages\/2450"}],"collection":[{"href":"https:\/\/www.jmpaningenieria.com\/ca\/wp-json\/wp\/v2\/pages"}],"about":[{"href":"https:\/\/www.jmpaningenieria.com\/ca\/wp-json\/wp\/v2\/types\/page"}],"author":[{"embeddable":true,"href":"https:\/\/www.jmpaningenieria.com\/ca\/wp-json\/wp\/v2\/users\/1"}],"replies":[{"embeddable":true,"href":"https:\/\/www.jmpaningenieria.com\/ca\/wp-json\/wp\/v2\/comments?post=2450"}],"version-history":[{"count":8,"href":"https:\/\/www.jmpaningenieria.com\/ca\/wp-json\/wp\/v2\/pages\/2450\/revisions"}],"predecessor-version":[{"id":2619,"href":"https:\/\/www.jmpaningenieria.com\/ca\/wp-json\/wp\/v2\/pages\/2450\/revisions\/2619"}],"wp:attachment":[{"href":"https:\/\/www.jmpaningenieria.com\/ca\/wp-json\/wp\/v2\/media?parent=2450"}],"curies":[{"name":"wp","href":"https:\/\/api.w.org\/{rel}","templated":true}]}}