{"id":2447,"date":"2021-07-21T09:55:23","date_gmt":"2021-07-21T08:55:23","guid":{"rendered":"https:\/\/www.jmpaningenieria.com\/?page_id=2447"},"modified":"2025-01-08T11:35:22","modified_gmt":"2025-01-08T10:35:22","slug":"energies-renovables","status":"publish","type":"page","link":"https:\/\/www.jmpaningenieria.com\/ca\/energies-renovables\/","title":{"rendered":"Energies Renovables"},"content":{"rendered":"<p><section class=\"kc-elm kc-css-932452 kc_row\"><div class=\"kc-row-container  kc-container\"><div class=\"kc-wrap-columns\"><div class=\"kc-elm kc-css-705879 kc_col-sm-12 kc_column kc_col-sm-12\"><div class=\"kc-col-container\"><div class=\"kc-elm kc-css-142916\" style=\"height: 50px; clear: both; width:100%;\"><\/div>\n\t<!--Main Slider-->\n\t<section class=\"rev_slider_wrapper\">\n\t\n\t\t\n\t\t\t<!-- START Servicios Slide 11 REVOLUTION SLIDER 6.2.21 --><p class=\"rs-p-wp-fix\"><\/p>\n\t\t\t<rs-module-wrap id=\"rev_slider_9_1_wrapper\" data-source=\"gallery\" style=\"background:transparent;padding:0;margin:0px auto;margin-top:0;margin-bottom:0;\">\n\t\t\t\t<rs-module id=\"rev_slider_9_1\" style=\"\" data-version=\"6.2.21\">\n\t\t\t\t\t<rs-slides>\n\t\t\t\t\t\t<rs-slide data-key=\"rs-23\" data-title=\"Slide\" data-anim=\"ei:d;eo:d;s:d;r:0;t:notransition;sl:d;\">\n\t\t\t\t\t\t\t<img src=\"\/\/www.jmpaningenieria.com\/wp-content\/uploads\/2021\/04\/calculo-huella-de-carbono-mallorca.jpg\" title=\"calculo-huella-de-carbono-mallorca\" width=\"1900\" height=\"1160\" class=\"rev-slidebg\" data-no-retina>\n<!---->\t\t\t\t\t\t<\/rs-slide>\n\t\t\t\t\t<\/rs-slides>\n\t\t\t\t<\/rs-module>\n\t\t\t\t<script type=\"text\/javascript\">\n\t\t\t\t\tsetREVStartSize({c: 'rev_slider_9_1',rl:[1240,1024,778,480],el:[250],gw:[1200],gh:[250],type:'hero',justify:'',layout:'fullwidth',mh:\"0\"});\n\t\t\t\t\tvar\trevapi9,\n\t\t\t\t\t\ttpj;\n\t\t\t\t\tfunction revinit_revslider91() {\n\t\t\t\t\tjQuery(function() {\n\t\t\t\t\t\ttpj = jQuery;\n\t\t\t\t\t\trevapi9 = tpj(\"#rev_slider_9_1\");\n\t\t\t\t\t\tif(revapi9==undefined || revapi9.revolution == undefined){\n\t\t\t\t\t\t\trevslider_showDoubleJqueryError(\"rev_slider_9_1\");\n\t\t\t\t\t\t}else{\n\t\t\t\t\t\t\trevapi9.revolution({\n\t\t\t\t\t\t\t\tsliderType:\"hero\",\n\t\t\t\t\t\t\t\tsliderLayout:\"fullwidth\",\n\t\t\t\t\t\t\t\tvisibilityLevels:\"1240,1024,778,480\",\n\t\t\t\t\t\t\t\tgridwidth:1200,\n\t\t\t\t\t\t\t\tgridheight:250,\n\t\t\t\t\t\t\t\tstartDelay:\"3ms\",\n\t\t\t\t\t\t\t\tspinner:\"spinner0\",\n\t\t\t\t\t\t\t\tperspective:600,\n\t\t\t\t\t\t\t\tperspectiveType:\"local\",\n\t\t\t\t\t\t\t\teditorheight:\"250,768,960,720\",\n\t\t\t\t\t\t\t\tresponsiveLevels:\"1240,1024,778,480\",\n\t\t\t\t\t\t\t\tprogressBar:{disableProgressBar:true},\n\t\t\t\t\t\t\t\tnavigation: {\n\t\t\t\t\t\t\t\t\tonHoverStop:false\n\t\t\t\t\t\t\t\t},\n\t\t\t\t\t\t\t\tfallbacks: {\n\t\t\t\t\t\t\t\t\tallowHTML5AutoPlayOnAndroid:true\n\t\t\t\t\t\t\t\t},\n\t\t\t\t\t\t\t});\n\t\t\t\t\t\t}\n\t\t\t\t\t\t\n\t\t\t\t\t});\n\t\t\t\t\t} \/\/ End of RevInitScript\n\t\t\t\tif (document.readyState === \"loading\") window.addEventListener('DOMContentLoaded',function() { revinit_revslider91();}); else revinit_revslider91();\n\t\t\t\t<\/script>\n\t\t\t<\/rs-module-wrap>\n\t\t\t<!-- END REVOLUTION SLIDER -->\n\t\n\t<\/section>\n\t<!--End Main Slider-->\n\n<div class=\"kc-elm kc-css-523104\" style=\"height: 50px; clear: both; width:100%;\"><\/div><\/div><\/div><\/div><\/div><\/section><section class=\"kc-elm kc-css-630521 kc_row\"><div class=\"kc-row-container  kc-container\"><div class=\"kc-wrap-columns\"><div class=\"kc-elm kc-css-365982 kc_col-sm-12 kc_column kc_col-sm-12\"><div class=\"kc-col-container\"><div class=\"kc-elm kc-css-144500 kc_row kc_row_inner\"><div class=\"kc-elm kc-css-918741 kc_col-sm-7 kc_column_inner kc_col-sm-7\"><div class=\"kc_wrapper kc-col-inner-container\"><div class=\"kc-elm kc-css-907208 kc_text_block\"><\/p>\n<h1><strong>Energies Renovables<br \/><\/strong><\/h1>\n<hr \/>\n<p>\n<\/div><div class=\"kc-elm kc-css-433781\" style=\"height: 10px; clear: both; width:100%;\"><\/div><div class=\"kc-elm kc-css-382928 kc_text_block\"><\/p>\n<p><span class=\"Y2IQFc\" lang=\"ca\">Realitzem tot tipus de projectes relacionats amb energies renovables, com ara energia solar fotovoltaica, termosolar, aerot\u00e8rmia, e\u00f2lica, h\u00edbrida, biog\u00e0s, etc. <\/span><\/p>\n<p><span class=\"Y2IQFc\" lang=\"ca\">T&#8217;assessorem triant la soluci\u00f3 que s&#8217;adapta millor a cada situaci\u00f3 o projecte.<\/span><\/p>\n<p>\n<\/div><\/div><\/div><div class=\"kc-elm kc-css-495494 kc_col-sm-5 kc_column_inner kc_col-sm-5\"><div class=\"kc_wrapper kc-col-inner-container\"><div class=\"kc-elm kc-css-15313\" style=\"height: 100px; clear: both; width:100%;\"><\/div><div class=\"kc-elm kc-css-755593 kc_text_block\"><\/p>\n<blockquote>\n<h2><span class=\"Y2IQFc\" lang=\"ca\">\u00c9s irresponsable l&#8217;\u00fas de combustibles f\u00f2ssils tenint com a elecci\u00f3 una font d&#8217;energia neta com a alternativa.<\/span><\/h2>\n<h2><strong>\u00a0<\/strong><\/h2>\n<\/blockquote>\n<p><!-- \/wp:heading --><\/p>\n<p><!-- wp:paragraph {\"style\":{\"color\":{\"text\":\"#333e48\"}}} --><\/p>\n<p><!-- \/wp:paragraph --><\/p>\n<p><!-- wp:paragraph --><\/p>\n<p><!-- \/wp:paragraph --><\/p>\n<p>\n<\/div><\/div><\/div><\/div><\/div><\/div><\/div><\/div><\/section><section class=\"kc-elm kc-css-380927 kc_row\"><div class=\"kc-row-container  kc-container\"><div class=\"kc-wrap-columns\"><div class=\"kc-elm kc-css-812253 kc_col-sm-2 kc_column kc_col-sm-2\"><div class=\"kc-col-container\"><div class=\"kc-elm kc-css-509308\" style=\"height: 20px; clear: both; width:100%;\"><\/div>\n<div class=\"kc-elm kc-css-623390\">\n\t<a class=\"kc_button\" href=\"https:\/\/www.jmpaningenieria.com\/ca\/eficiencia-energetica\/\" target=\"_self\" title=\"Efici\u00e8ncia Energ\u00e8tica\" onclick=\"\">\n\t\t<i class=\"fa-arrow-alt-circle-left\"><\/i> Servei Anterior\t<\/a>\n<\/div>\n<div class=\"kc-elm kc-css-250369\" style=\"height: 20px; clear: both; width:100%;\"><\/div><\/div><\/div><div class=\"kc-elm kc-css-989386 kc_col-sm-2 kc_column kc_col-sm-2\"><div class=\"kc-col-container\"><div class=\"kc-elm kc-css-803140\" style=\"height: 20px; clear: both; width:100%;\"><\/div>\n<div class=\"kc-elm kc-css-448721\">\n\t<a class=\"kc_button\" href=\"https:\/\/www.jmpaningenieria.com\/ca\/instalacions\/\" target=\"_self\" title=\"Instal\u00b7lacions\" onclick=\"\">\n\t\tServei Seg\u00fcent <i class=\"fa-arrow-alt-circle-right\"><\/i>\t<\/a>\n<\/div>\n<div class=\"kc-elm kc-css-625440\" style=\"height: 20px; clear: both; width:100%;\"><\/div><\/div><\/div><div class=\"kc-elm kc-css-234135 kc_col-sm-2 kc_column kc_col-sm-2\"><div class=\"kc-col-container\"><\/div><\/div><div class=\"kc-elm kc-css-772706 kc_col-sm-2 kc_column kc_col-sm-2\"><div class=\"kc-col-container\"><\/div><\/div><div class=\"kc-elm kc-css-282640 kc_col-sm-2 kc_column kc_col-sm-2\"><div class=\"kc-col-container\"><\/div><\/div><div class=\"kc-elm kc-css-552377 kc_col-sm-2 kc_column kc_col-sm-2\"><div class=\"kc-col-container\"><div class=\"kc-elm kc-css-399135\" style=\"height: 20px; clear: both; width:100%;\"><\/div>\n<div class=\"kc-elm kc-css-140598\">\n\t<a class=\"kc_button\" href=\"https:\/\/www.jmpaningenieria.com\/ca\/serveis-enginyeria\/\" target=\"_self\" title=\"Serveis d:apos:Enginyeria\" onclick=\"\">\n\t\t<i class=\"fa-circle\"><\/i> Tornar a Serveis\t<\/a>\n<\/div>\n<div class=\"kc-elm kc-css-734819\" style=\"height: 20px; clear: both; width:100%;\"><\/div><\/div><\/div><\/div><\/div><\/section><section class=\"kc-elm kc-css-479795 kc_row\"><div class=\"kc-row-container  kc-container\"><div class=\"kc-wrap-columns\"><div class=\"kc-elm kc-css-845359 kc_col-sm-12 kc_column kc_col-sm-12\"><div class=\"kc-col-container\"><div class=\"kc-elm kc-css-733185\" style=\"height: 30px; clear: both; width:100%;\"><\/div><\/div><\/div><\/div><\/div><\/section><\/p>","protected":false},"excerpt":{"rendered":"","protected":false},"author":1,"featured_media":0,"parent":0,"menu_order":0,"comment_status":"closed","ping_status":"closed","template":"tpl-king_composer.php","meta":{"_monsterinsights_skip_tracking":false,"_monsterinsights_sitenote_active":false,"_monsterinsights_sitenote_note":"","_monsterinsights_sitenote_category":0},"yoast_head":"<!-- This site is optimized with the Yoast SEO plugin v19.13 - https:\/\/yoast.com\/wordpress\/plugins\/seo\/ -->\n<title>Desenvolupament de Projectes d&#039;Energies Renovables a Mallorca<\/title>\n<meta name=\"description\" content=\"Comen\u00e7a a estalviar amb un projecte d&#039;energies renovables de JMPAN Enginyeria. Solucions personalitzades per a solar, e\u00f2lica, aerot\u00e8rmia, etc.\" \/>\n<meta name=\"robots\" content=\"index, follow, max-snippet:-1, max-image-preview:large, max-video-preview:-1\" \/>\n<link rel=\"canonical\" href=\"https:\/\/www.jmpaningenieria.com\/ca\/energies-renovables\/\" \/>\n<script type=\"application\/ld+json\" class=\"yoast-schema-graph\">{\"@context\":\"https:\/\/schema.org\",\"@graph\":[{\"@type\":\"WebPage\",\"@id\":\"https:\/\/www.jmpaningenieria.com\/ca\/energies-renovables\/\",\"url\":\"https:\/\/www.jmpaningenieria.com\/ca\/energies-renovables\/\",\"name\":\"Desenvolupament de Projectes d'Energies Renovables a Mallorca\",\"isPartOf\":{\"@id\":\"https:\/\/www.jmpaningenieria.com\/ca\/#website\"},\"datePublished\":\"2021-07-21T08:55:23+00:00\",\"dateModified\":\"2025-01-08T10:35:22+00:00\",\"description\":\"Comen\u00e7a a estalviar amb un projecte d'energies renovables de JMPAN Enginyeria. Solucions personalitzades per a solar, e\u00f2lica, aerot\u00e8rmia, etc.\",\"breadcrumb\":{\"@id\":\"https:\/\/www.jmpaningenieria.com\/ca\/energies-renovables\/#breadcrumb\"},\"inLanguage\":\"ca\",\"potentialAction\":[{\"@type\":\"ReadAction\",\"target\":[\"https:\/\/www.jmpaningenieria.com\/ca\/energies-renovables\/\"]}]},{\"@type\":\"BreadcrumbList\",\"@id\":\"https:\/\/www.jmpaningenieria.com\/ca\/energies-renovables\/#breadcrumb\",\"itemListElement\":[{\"@type\":\"ListItem\",\"position\":1,\"name\":\"Portada\",\"item\":\"https:\/\/www.jmpaningenieria.com\/ca\/\"},{\"@type\":\"ListItem\",\"position\":2,\"name\":\"Energies Renovables\"}]},{\"@type\":\"WebSite\",\"@id\":\"https:\/\/www.jmpaningenieria.com\/ca\/#website\",\"url\":\"https:\/\/www.jmpaningenieria.com\/ca\/\",\"name\":\"JMPAN Ingenier\u00eda Sostenible\",\"description\":\"JMPAN Ingenier\u00eda, con sede en Mallorca, evaluamos y asesoramos a profesionales del mundo de la construcci\u00f3n para obtener el certificado de sostenibilidad VERDE tanto en Baleares, como a nivel estatal. Evaluador Acreditado VERDE\",\"publisher\":{\"@id\":\"https:\/\/www.jmpaningenieria.com\/ca\/#\/schema\/person\/42a492bb269b09b8aefd56a7979e8fe5\"},\"potentialAction\":[{\"@type\":\"SearchAction\",\"target\":{\"@type\":\"EntryPoint\",\"urlTemplate\":\"https:\/\/www.jmpaningenieria.com\/ca\/?s={search_term_string}\"},\"query-input\":\"required name=search_term_string\"}],\"inLanguage\":\"ca\"},{\"@type\":[\"Person\",\"Organization\"],\"@id\":\"https:\/\/www.jmpaningenieria.com\/ca\/#\/schema\/person\/42a492bb269b09b8aefd56a7979e8fe5\",\"name\":\"admin3349\",\"image\":{\"@type\":\"ImageObject\",\"inLanguage\":\"ca\",\"@id\":\"https:\/\/www.jmpaningenieria.com\/ca\/#\/schema\/person\/image\/\",\"url\":\"https:\/\/www.jmpaningenieria.com\/wp-content\/uploads\/2021\/04\/logo-jmpaningenieria-1-e1618416239816.png\",\"contentUrl\":\"https:\/\/www.jmpaningenieria.com\/wp-content\/uploads\/2021\/04\/logo-jmpaningenieria-1-e1618416239816.png\",\"width\":300,\"height\":191,\"caption\":\"admin3349\"},\"logo\":{\"@id\":\"https:\/\/www.jmpaningenieria.com\/ca\/#\/schema\/person\/image\/\"},\"sameAs\":[\"http:\/\/zwdhzsi.cluster030.hosting.ovh.net\"]}]}<\/script>\n<!-- \/ Yoast SEO plugin. -->","yoast_head_json":{"title":"Desenvolupament de Projectes d'Energies Renovables a Mallorca","description":"Comen\u00e7a a estalviar amb un projecte d'energies renovables de JMPAN Enginyeria. Solucions personalitzades per a solar, e\u00f2lica, aerot\u00e8rmia, etc.","robots":{"index":"index","follow":"follow","max-snippet":"max-snippet:-1","max-image-preview":"max-image-preview:large","max-video-preview":"max-video-preview:-1"},"canonical":"https:\/\/www.jmpaningenieria.com\/ca\/energies-renovables\/","schema":{"@context":"https:\/\/schema.org","@graph":[{"@type":"WebPage","@id":"https:\/\/www.jmpaningenieria.com\/ca\/energies-renovables\/","url":"https:\/\/www.jmpaningenieria.com\/ca\/energies-renovables\/","name":"Desenvolupament de Projectes d'Energies Renovables a Mallorca","isPartOf":{"@id":"https:\/\/www.jmpaningenieria.com\/ca\/#website"},"datePublished":"2021-07-21T08:55:23+00:00","dateModified":"2025-01-08T10:35:22+00:00","description":"Comen\u00e7a a estalviar amb un projecte d'energies renovables de JMPAN Enginyeria. Solucions personalitzades per a solar, e\u00f2lica, aerot\u00e8rmia, etc.","breadcrumb":{"@id":"https:\/\/www.jmpaningenieria.com\/ca\/energies-renovables\/#breadcrumb"},"inLanguage":"ca","potentialAction":[{"@type":"ReadAction","target":["https:\/\/www.jmpaningenieria.com\/ca\/energies-renovables\/"]}]},{"@type":"BreadcrumbList","@id":"https:\/\/www.jmpaningenieria.com\/ca\/energies-renovables\/#breadcrumb","itemListElement":[{"@type":"ListItem","position":1,"name":"Portada","item":"https:\/\/www.jmpaningenieria.com\/ca\/"},{"@type":"ListItem","position":2,"name":"Energies Renovables"}]},{"@type":"WebSite","@id":"https:\/\/www.jmpaningenieria.com\/ca\/#website","url":"https:\/\/www.jmpaningenieria.com\/ca\/","name":"JMPAN Ingenier\u00eda Sostenible","description":"JMPAN Ingenier\u00eda, con sede en Mallorca, evaluamos y asesoramos a profesionales del mundo de la construcci\u00f3n para obtener el certificado de sostenibilidad VERDE tanto en Baleares, como a nivel estatal. Evaluador Acreditado VERDE","publisher":{"@id":"https:\/\/www.jmpaningenieria.com\/ca\/#\/schema\/person\/42a492bb269b09b8aefd56a7979e8fe5"},"potentialAction":[{"@type":"SearchAction","target":{"@type":"EntryPoint","urlTemplate":"https:\/\/www.jmpaningenieria.com\/ca\/?s={search_term_string}"},"query-input":"required name=search_term_string"}],"inLanguage":"ca"},{"@type":["Person","Organization"],"@id":"https:\/\/www.jmpaningenieria.com\/ca\/#\/schema\/person\/42a492bb269b09b8aefd56a7979e8fe5","name":"admin3349","image":{"@type":"ImageObject","inLanguage":"ca","@id":"https:\/\/www.jmpaningenieria.com\/ca\/#\/schema\/person\/image\/","url":"https:\/\/www.jmpaningenieria.com\/wp-content\/uploads\/2021\/04\/logo-jmpaningenieria-1-e1618416239816.png","contentUrl":"https:\/\/www.jmpaningenieria.com\/wp-content\/uploads\/2021\/04\/logo-jmpaningenieria-1-e1618416239816.png","width":300,"height":191,"caption":"admin3349"},"logo":{"@id":"https:\/\/www.jmpaningenieria.com\/ca\/#\/schema\/person\/image\/"},"sameAs":["http:\/\/zwdhzsi.cluster030.hosting.ovh.net"]}]}},"_links":{"self":[{"href":"https:\/\/www.jmpaningenieria.com\/ca\/wp-json\/wp\/v2\/pages\/2447"}],"collection":[{"href":"https:\/\/www.jmpaningenieria.com\/ca\/wp-json\/wp\/v2\/pages"}],"about":[{"href":"https:\/\/www.jmpaningenieria.com\/ca\/wp-json\/wp\/v2\/types\/page"}],"author":[{"embeddable":true,"href":"https:\/\/www.jmpaningenieria.com\/ca\/wp-json\/wp\/v2\/users\/1"}],"replies":[{"embeddable":true,"href":"https:\/\/www.jmpaningenieria.com\/ca\/wp-json\/wp\/v2\/comments?post=2447"}],"version-history":[{"count":6,"href":"https:\/\/www.jmpaningenieria.com\/ca\/wp-json\/wp\/v2\/pages\/2447\/revisions"}],"predecessor-version":[{"id":2741,"href":"https:\/\/www.jmpaningenieria.com\/ca\/wp-json\/wp\/v2\/pages\/2447\/revisions\/2741"}],"wp:attachment":[{"href":"https:\/\/www.jmpaningenieria.com\/ca\/wp-json\/wp\/v2\/media?parent=2447"}],"curies":[{"name":"wp","href":"https:\/\/api.w.org\/{rel}","templated":true}]}}