{"id":2389,"date":"2021-04-18T15:39:34","date_gmt":"2021-04-18T14:39:34","guid":{"rendered":"https:\/\/www.jmpaningenieria.com\/?page_id=2389"},"modified":"2022-05-18T18:02:23","modified_gmt":"2022-05-18T17:02:23","slug":"petjada-de-carboni","status":"publish","type":"page","link":"https:\/\/www.jmpaningenieria.com\/ca\/petjada-de-carboni\/","title":{"rendered":"Petjada de Carboni"},"content":{"rendered":"<p><section class=\"kc-elm kc-css-61472 kc_row\"><div class=\"kc-row-container  kc-container\"><div class=\"kc-wrap-columns\"><div class=\"kc-elm kc-css-355476 kc_col-sm-12 kc_column kc_col-sm-12\"><div class=\"kc-col-container\"><div class=\"kc-elm kc-css-610904\" style=\"height: 50px; clear: both; width:100%;\"><\/div>\n\t<!--Main Slider-->\n\t<section class=\"rev_slider_wrapper\">\n\t\n\t\t\n\t\t\t<!-- START Huella Slide REVOLUTION SLIDER 6.2.21 --><p class=\"rs-p-wp-fix\"><\/p>\n\t\t\t<rs-module-wrap id=\"rev_slider_6_1_wrapper\" data-source=\"gallery\" style=\"background:transparent;padding:0;margin:0px auto;margin-top:0;margin-bottom:0;\">\n\t\t\t\t<rs-module id=\"rev_slider_6_1\" style=\"\" data-version=\"6.2.21\">\n\t\t\t\t\t<rs-slides>\n\t\t\t\t\t\t<rs-slide data-key=\"rs-14\" data-title=\"Slide\" data-anim=\"ei:d;eo:d;s:d;r:0;t:slidingoverlayleft;sl:d;\">\n\t\t\t\t\t\t\t<img src=\"\/\/www.jmpaningenieria.com\/wp-content\/uploads\/2021\/04\/reforestacion-huella-carbono.jpg\" title=\"reforestacion-huella-carbono\" width=\"1900\" height=\"1160\" class=\"rev-slidebg\" data-no-retina>\n<!---->\t\t\t\t\t\t<\/rs-slide>\n\t\t\t\t\t<\/rs-slides>\n\t\t\t\t<\/rs-module>\n\t\t\t\t<script type=\"text\/javascript\">\n\t\t\t\t\tsetREVStartSize({c: 'rev_slider_6_1',rl:[1240,1024,778,480],el:[250],gw:[1200],gh:[250],type:'hero',justify:'',layout:'fullwidth',mh:\"0\"});\n\t\t\t\t\tvar\trevapi6,\n\t\t\t\t\t\ttpj;\n\t\t\t\t\tfunction revinit_revslider61() {\n\t\t\t\t\tjQuery(function() {\n\t\t\t\t\t\ttpj = jQuery;\n\t\t\t\t\t\trevapi6 = tpj(\"#rev_slider_6_1\");\n\t\t\t\t\t\tif(revapi6==undefined || revapi6.revolution == undefined){\n\t\t\t\t\t\t\trevslider_showDoubleJqueryError(\"rev_slider_6_1\");\n\t\t\t\t\t\t}else{\n\t\t\t\t\t\t\trevapi6.revolution({\n\t\t\t\t\t\t\t\tsliderType:\"hero\",\n\t\t\t\t\t\t\t\tsliderLayout:\"fullwidth\",\n\t\t\t\t\t\t\t\tvisibilityLevels:\"1240,1024,778,480\",\n\t\t\t\t\t\t\t\tgridwidth:1200,\n\t\t\t\t\t\t\t\tgridheight:250,\n\t\t\t\t\t\t\t\tstartDelay:\"3ms\",\n\t\t\t\t\t\t\t\tspinner:\"spinner0\",\n\t\t\t\t\t\t\t\tperspective:600,\n\t\t\t\t\t\t\t\tperspectiveType:\"local\",\n\t\t\t\t\t\t\t\teditorheight:\"250,768,960,720\",\n\t\t\t\t\t\t\t\tresponsiveLevels:\"1240,1024,778,480\",\n\t\t\t\t\t\t\t\tprogressBar:{disableProgressBar:true},\n\t\t\t\t\t\t\t\tnavigation: {\n\t\t\t\t\t\t\t\t\tonHoverStop:false\n\t\t\t\t\t\t\t\t},\n\t\t\t\t\t\t\t\tfallbacks: {\n\t\t\t\t\t\t\t\t\tallowHTML5AutoPlayOnAndroid:true\n\t\t\t\t\t\t\t\t},\n\t\t\t\t\t\t\t});\n\t\t\t\t\t\t}\n\t\t\t\t\t\t\n\t\t\t\t\t});\n\t\t\t\t\t} \/\/ End of RevInitScript\n\t\t\t\tif (document.readyState === \"loading\") window.addEventListener('DOMContentLoaded',function() { revinit_revslider61();}); else revinit_revslider61();\n\t\t\t\t<\/script>\n\t\t\t<\/rs-module-wrap>\n\t\t\t<!-- END REVOLUTION SLIDER -->\n\t\n\t<\/section>\n\t<!--End Main Slider-->\n\n<div class=\"kc-elm kc-css-806515\" style=\"height: 50px; clear: both; width:100%;\"><\/div><\/div><\/div><\/div><\/div><\/section><section class=\"kc-elm kc-css-483180 kc_row\"><div class=\"kc-row-container  kc-container\"><div class=\"kc-wrap-columns\"><div class=\"kc-elm kc-css-774259 kc_col-sm-12 kc_column kc_col-sm-12\"><div class=\"kc-col-container\"><div class=\"kc-elm kc-css-909167 kc_row kc_row_inner\"><div class=\"kc-elm kc-css-310631 kc_col-sm-7 kc_column_inner kc_col-sm-7\"><div class=\"kc_wrapper kc-col-inner-container\"><div class=\"kc-elm kc-css-205230 kc_text_block\"><\/p>\n<h1><strong>PETJADA DE CARBONI<br \/><\/strong><\/h1>\n<p>\n<\/div><div class=\"kc-elm kc-css-336115\" style=\"height: 10px; clear: both; width:100%;\"><\/div><div class=\"kc-elm kc-css-472172 kc_text_block\"><\/p>\n<h3>La petjada que deixem en el planeta<\/h3>\n<p>\n<\/div><div class=\"kc-elm kc-css-887505\" style=\"height: 20px; clear: both; width:100%;\"><\/div><div class=\"kc-elm kc-css-675126 kc_shortcode kc_single_image\">\n\n        <img src=\"https:\/\/www.jmpaningenieria.com\/wp-content\/uploads\/2021\/07\/logo-calculo-huella-de-carbono-baleares-1.jpg\" class=\"\" alt=\"\" \/>    <\/div>\n<div class=\"kc-elm kc-css-617362\" style=\"height: 30px; clear: both; width:100%;\"><\/div><div class=\"kc-elm kc-css-484511 kc_text_block\"><\/p>\n<p><strong>La Petjada de Carboni \u00e9s el conjunt d&#039;emissions de CO2 equivalent associades a un producte, servei o organitzaci\u00f3.<\/strong> A m\u00e9s de contribuir a la lluita contra el canvi clim\u00e0tic, el c\u00e0lcul de la Petjada de Carboni t\u00e9 \u00f2ptims avantatges:<\/p>\n<p>\n<\/div><div class=\"kc-elm kc-css-145175\" style=\"height: 15px; clear: both; width:100%;\"><\/div><div class=\"kc-elm kc-css-330268 kc_text_block\"><\/p>\n<blockquote>\n<ul>\n<li><strong><strong>&#8211; <\/strong>Redueix i neutralitza les emissions de GEH (gasos d&#039;efecte hivernacle), reduint consums energ\u00e8tics i generant estalvis econ\u00f2mics.<\/strong><\/li>\n<li><strong>&#8211; Millora la reputaci\u00f3 corporativa i el posicionament de l&#039;empresa, atraient inversors o clients sensibilitzats amb el canvi clim\u00e0tic i el medi ambient.<\/strong><\/li>\n<\/ul>\n<\/blockquote>\n<p>\n<\/div><div class=\"kc-elm kc-css-763783\" style=\"height: 20px; clear: both; width:100%;\"><\/div><\/div><\/div><div class=\"kc-elm kc-css-603471 kc_col-sm-5 kc_column_inner kc_col-sm-5\"><div class=\"kc_wrapper kc-col-inner-container\"><div class=\"kc-elm kc-css-255175\" style=\"height: 80px; clear: both; width:100%;\"><\/div><div class=\"kc-elm kc-css-339820 kc_shortcode kc_single_image\">\n\n        <img src=\"https:\/\/www.jmpaningenieria.com\/wp-content\/uploads\/2021\/04\/huella-de-carbono-baleares.jpg\" class=\"\" alt=\"\" \/>    <\/div>\n<\/div><\/div><\/div><\/div><\/div><\/div><\/div><\/section><section class=\"kc-elm kc-css-485532 kc_row\"><div class=\"kc-row-container  kc-container\"><div class=\"kc-wrap-columns\"><div class=\"kc-elm kc-css-340707 kc_col-sm-12 kc_column kc_col-sm-12\"><div class=\"kc-col-container\"><div class=\"kc-elm kc-css-284648\" style=\"height: 30px; clear: both; width:100%;\"><\/div><div class=\"kc-elm kc-css-424689 kc_text_block\"><\/p>\n<h2><strong>Pla per reduir les emissions de CO2<\/strong><\/h2>\n<p>\n<\/div><div class=\"kc-elm kc-css-723266\" style=\"height: 30px; clear: both; width:100%;\"><\/div><\/div><\/div><\/div><\/div><\/section><section class=\"kc-elm kc-css-757308 kc_row\"><div class=\"kc-row-container  kc-container\"><div class=\"kc-wrap-columns\"><div class=\"kc-elm kc-css-689759 kc_col-sm-12 kc_column kc_col-sm-12\"><div class=\"kc-col-container\"><div class=\"kc-elm kc-css-227927 kc_row kc_row_inner\"><div class=\"kc-elm kc-css-762039 kc_col-sm-4 kc_column_inner kc_col-sm-4\"><div class=\"kc_wrapper kc-col-inner-container\"><div class=\"kc-elm kc-css-35820 kc_shortcode kc_single_image\">\n\n        <img src=\"https:\/\/www.jmpaningenieria.com\/wp-content\/uploads\/2021\/04\/calculo-huella-de-carbono-mallorca.jpg\" class=\"\" alt=\"\" \/>    <\/div>\n<div class=\"kc-elm kc-css-373738\" style=\"height: 30px; clear: both; width:100%;\"><\/div>\n<div class=\"kc-elm kc-css-620261 kc-title-wrap \">\n\n\t<h4 class=\"kc_title\">1. CALCULA<\/h4>\n<\/div>\n<div class=\"kc-elm kc-css-301279\" style=\"height: 10px; clear: both; width:100%;\"><\/div><div class=\"kc-elm kc-css-459212 kc_text_block\"><\/p>\n<p>Cada activitat, organitzaci\u00f3 o producte t\u00e9 vinculats unes <strong>emissions de gasos d&#039;efecte hivernacle<\/strong> (GEI) que repercuteixen directament a l&#039;escalfament global. Es selecciona un interval de temps, un any, i se n&#039;obt\u00e9 un total de CO2 equivalent em\u00e8s.<\/p>\n<p>\n<\/div><div class=\"kc-elm kc-css-527386 kc-animated kc-animate-eff-fadeInUp kc_text_block\"><\/p>\n<h5><strong>La petjada que deixa el nostre pas al planeta<\/strong><\/h5>\n<p>\n<\/div><div class=\"kc-elm kc-css-494193\" style=\"height: 20px; clear: both; width:100%;\"><\/div><\/div><\/div><div class=\"kc-elm kc-css-510582 kc_col-sm-4 kc_column_inner kc_col-sm-4\"><div class=\"kc_wrapper kc-col-inner-container\"><div class=\"kc-elm kc-css-183671 kc_shortcode kc_single_image\">\n\n        <img src=\"https:\/\/www.jmpaningenieria.com\/wp-content\/uploads\/2021\/04\/calculo-huella-de-carbono.jpg\" class=\"\" alt=\"\" \/>    <\/div>\n<div class=\"kc-elm kc-css-96405\" style=\"height: 30px; clear: both; width:100%;\"><\/div>\n<div class=\"kc-elm kc-css-300289 kc-title-wrap \">\n\n\t<h4 class=\"kc_title\">2. REDUEIX<\/h4>\n<\/div>\n<div class=\"kc-elm kc-css-127289\" style=\"height: 10px; clear: both; width:100%;\"><\/div><div class=\"kc-elm kc-css-935536 kc_text_block\"><\/p>\n<p>L&#039;objectiu del c\u00e0lcul de la <strong>Petjada de Carboni<\/strong> \u00e9s establir un <strong>Pla de Millora<\/strong> que produeixi beneficis tant mediambientals com econ\u00f2mics. Sabent les fonts d&#039;emissions de CO2, podrem actuar-hi fent m\u00e9s eficient el proc\u00e9s i reduint-ne els costos.<\/p>\n<p>\n<\/div><div class=\"kc-elm kc-css-800286 kc-animated kc-animate-eff-fadeInUp kc_text_block\"><\/p>\n<h5>Construir un nou model econ\u00f2mic verd i responsable<\/h5>\n<p>\n<\/div><div class=\"kc-elm kc-css-181341\" style=\"height: 20px; clear: both; width:100%;\"><\/div><\/div><\/div><div class=\"kc-elm kc-css-547670 kc_col-sm-4 kc_column_inner kc_col-sm-4\"><div class=\"kc_wrapper kc-col-inner-container\"><div class=\"kc-elm kc-css-252919 kc_shortcode kc_single_image\">\n\n        <img src=\"https:\/\/www.jmpaningenieria.com\/wp-content\/uploads\/2021\/04\/reforestacion-huella-carbono.jpg\" class=\"\" alt=\"\" \/>    <\/div>\n<div class=\"kc-elm kc-css-438514\" style=\"height: 30px; clear: both; width:100%;\"><\/div>\n<div class=\"kc-elm kc-css-377511 kc-title-wrap \">\n\n\t<h4 class=\"kc_title\">3. COMPENSA<\/h4>\n<\/div>\n<div class=\"kc-elm kc-css-344328\" style=\"height: 10px; clear: both; width:100%;\"><\/div><div class=\"kc-elm kc-css-671549 kc_text_block\"><\/p>\n<p class=\"PreformattedText\">Un cop establert el <strong>Pla de Millora<\/strong> es pot compensar la totalitat o part de les emissions GEI restants col\u00b7laborant amb projectes d&#039;absorci\u00f3 de CO2 (reforestaci\u00f3 de zones incendiades, sembra a\u00e8ria a zones amb poca densitat forestal\u2026)<\/p>\n<p>\n<\/div><div class=\"kc-elm kc-css-648853 kc-animated kc-animate-eff-fadeInUp kc_text_block\"><\/p>\n<h5>Reduir l&#039;impacte de la nostra petjada al medi ambient<\/h5>\n<p>\n<\/div><div class=\"kc-elm kc-css-341064\" style=\"height: 20px; clear: both; width:100%;\"><\/div><\/div><\/div><\/div><div class=\"kc-elm kc-css-180816\" style=\"height: 25px; clear: both; width:100%;\"><\/div><\/div><\/div><\/div><\/div><\/section><section class=\"kc-elm kc-css-732634 kc_row\"><div class=\"kc-row-container  kc-container\"><div class=\"kc-wrap-columns\"><div class=\"kc-elm kc-css-581763 kc_col-sm-12 kc_column kc_col-sm-12\"><div class=\"kc-col-container\">\n<div class=\"kc-elm kc-css-548999 divider_line\">\n\t<div class=\"divider_inner divider_line2\">\n\t\t<i class=\"fa-leaf\"><\/i>\t<\/div>\n<\/div>\n<div class=\"kc-elm kc-css-820477\" style=\"height: 20px; clear: both; width:100%;\"><\/div><div class=\"kc-elm kc-css-723467 kc_row kc_row_inner\"><div class=\"kc-elm kc-css-70625 kc_col-sm-6 kc_column_inner kc_col-sm-6\"><div class=\"kc_wrapper kc-col-inner-container\"><div class=\"kc-elm kc-css-921218 kc_text_block\"><\/p>\n<blockquote>\n<h3 style=\"text-align: left;\">Una reducci\u00f3 de la teva petjada de carboni implica una disminuci\u00f3 de consums a l&#039;empresa, amb la conseg\u00fcent reducci\u00f3 de despeses, un benefici econ\u00f2mic i una desacceleraci\u00f3 en l&#039;impacte mediambiental i el canvi clim\u00e0tic<\/h3>\n<\/blockquote>\n<p>\n<\/div><div class=\"kc-elm kc-css-652585\" style=\"height: 15px; clear: both; width:100%;\"><\/div><div class=\"kc-elm kc-css-492923 kc_text_block\"><\/p>\n<h4><b>La import\u00e0ncia de la Petjada de Carboni<\/b><\/h4>\n<h4><strong>\u00a0<\/strong><\/h4>\n<p>\n<\/div><div class=\"kc-elm kc-css-183244\" style=\"height: 10px; clear: both; width:100%;\"><\/div><div class=\"kc-elm kc-css-406433 kc_text_block\"><\/p>\n<p class=\"PreformattedText\">Depenent del sector i l&#039;activitat de la teva empresa, l&#039;administraci\u00f3 arriba a valorar econ\u00f2micament el comprom\u00eds amb el medi ambient, l&#039;esfor\u00e7 i la reducci\u00f3 d&#039;emissions. S&#039;arriba a pagar per les tones de CO2 estalviades o se subvencionen projectes que aconsegueixen obtenir combustible propi d&#039;origen renovable, fins i tot, a trav\u00e9s dels residus generats per l&#039;activitat.<\/p>\n<p><strong>Altres plans nacionals de finan\u00e7ament poden ser la renovaci\u00f3 de flota de vehicles, millores d&#039;efici\u00e8ncia energ\u00e8tica en sectors diversos, com ara els hotelers, etc&#8230;<\/strong><\/p>\n<p>\n<\/div><\/div><\/div><div class=\"kc-elm kc-css-906407 kc_col-sm-6 kc_column_inner kc_col-sm-6\"><div class=\"kc_wrapper kc-col-inner-container\"><div class=\"kc-elm kc-css-852294\" style=\"height: 10px; clear: both; width:100%;\"><\/div><div class=\"kc-elm kc-css-23491 kc_shortcode kc_single_image\">\n\n        <img src=\"https:\/\/www.jmpaningenieria.com\/wp-content\/uploads\/2021\/04\/impacto-medioambiental.jpg\" class=\"\" alt=\"\" \/>    <\/div>\n<div class=\"message-boxes kc-elm kc-css-609151\">\n\t<div class=\"message-box-wrap\">\n\t\t<i class=\"fa-leaf\"><\/i>RECICLA ~ REDUEIX ~ REUTILITZA\t<\/div>\n<\/div>\n<\/div><\/div><\/div><div class=\"kc-elm kc-css-164671\" style=\"height: 30px; clear: both; width:100%;\"><\/div><\/div><\/div><\/div><\/div><\/section><section class=\"kc-elm kc-css-667220 kc_row\"><div class=\"kc-row-container  kc-container\"><div class=\"kc-wrap-columns\"><div class=\"kc-elm kc-css-903460 kc_col-sm-12 kc_column kc_col-sm-12\"><div class=\"kc-col-container\"><div class=\"kc-elm kc-css-67999 kc_row kc_row_inner\"><div class=\"kc-elm kc-css-197798 kc_col-sm-12 kc_column_inner kc_col-sm-12\"><div class=\"kc_wrapper kc-col-inner-container\"><div class=\"kc-elm kc-css-749225\" style=\"height: 30px; clear: both; width:100%;\"><\/div>\n<div class=\"kc-elm kc-css-48358 kc-call-to-action kc-cta-2 kc-is-button\">\n\n\t<div class=\"kc-cta-desc\"><h2>La import\u00e0ncia de la Petjada de Carboni<\/h2><div class=\"kc-cta-text\">Permet detectar les \u00e0rees de m\u00e9s contaminaci\u00f3 que es generen di\u00e0riament, produ\u00efdes de manera directa o indirecta, per un individu, una fam\u00edlia, una empresa... Tamb\u00e9 et pot ajudar a reduir o compensar el teu impacte canviant els teus h\u00e0bits de vida, cercar alternatives m\u00e9s sostenibles i estalviar energia, entre d'altres coses.<\/div><\/div><div class=\"kc-cta-button\"><a href=\"mailto:info@jmpaningenieria.com\">Contacta amb nosaltres <span class=\"kc-cta-icon\"><i class=\"fa-heart\"><\/i><\/span><\/a><\/div>\n<\/div>\n<\/div><\/div><\/div><\/div><\/div><\/div><\/div><\/section><section class=\"kc-elm kc-css-266337 kc_row\"><div class=\"kc-row-container  kc-container\"><div class=\"kc-wrap-columns\"><div class=\"kc-elm kc-css-556797 kc_col-sm-12 kc_column kc_col-sm-12\"><div class=\"kc-col-container\"><div class=\"kc-elm kc-css-28372\" style=\"height: 75px; clear: both; width:100%;\"><\/div><\/div><\/div><\/div><\/div><\/section><section class=\"kc-elm kc-css-246946 kc_row\"><div class=\"kc-row-container  kc-container\"><div class=\"kc-wrap-columns\"><div class=\"kc-elm kc-css-334650 kc_col-sm-4 kc_column kc_col-sm-4\"><div class=\"kc-col-container\"><div class=\"kc-elm kc-css-808916 kc-animated kc-animate-eff-fadeInUp kc-feature-boxes kc-fb-layout-1\">\n\n\t<div class=\"content-icon\"><i class=\"fa-hands\"><\/i><\/div><div class=\"content-title\">REDUEIX DESPESA <\/div><div class=\"content-desc\">Avantatge competitiu en reduir les teves despeses i donar una imatge m\u00e9s sostenible<\/div>\n<\/div>\n<\/div><\/div><div class=\"kc-elm kc-css-835328 kc_col-sm-4 kc_column kc_col-sm-4\"><div class=\"kc-col-container\"><div class=\"kc-elm kc-css-811590 kc-animated kc-animate-eff-fadeInUp kc-feature-boxes kc-fb-layout-1\">\n\n\t<div class=\"content-icon\"><i class=\"fa-certificate\"><\/i><\/div><div class=\"content-title\">SEGELL DIFERENCIADOR<\/div><div class=\"content-desc\">Mostra participaci\u00f3 i l'esfor\u00e7 per la lluita contra el canvi clim\u00e0tic<\/div>\n<\/div>\n<\/div><\/div><div class=\"kc-elm kc-css-767044 kc_col-sm-4 kc_column kc_col-sm-4\"><div class=\"kc-col-container\"><div class=\"kc-elm kc-css-964961 kc-animated kc-animate-eff-fadeInUp kc-feature-boxes kc-fb-layout-1\">\n\n\t<div class=\"content-icon\"><i class=\"fa-dove\"><\/i><\/div><div class=\"content-title\">CONSCI\u00c8NCIA MEDIAMBIENTAL<\/div><div class=\"content-desc\">Disminueix l'impacte d'emissions, augmenta l'efici\u00e8ncia i millora la gesti\u00f3 de recursos<\/div>\n<\/div>\n<\/div><\/div><\/div><\/div><\/section><section class=\"kc-elm kc-css-319789 kc_row\"><div class=\"kc-row-container  kc-container\"><div class=\"kc-wrap-columns\"><div class=\"kc-elm kc-css-655717 kc_col-sm-12 kc_column kc_col-sm-12\"><div class=\"kc-col-container\"><div class=\"kc-elm kc-css-910797\" style=\"height: 60px; clear: both; width:100%;\"><\/div><\/div><\/div><\/div><\/div><\/section><section class=\"kc-elm kc-css-13957 kc_row\"><div class=\"kc-row-container  kc-container\"><div class=\"kc-wrap-columns\"><div class=\"kc-elm kc-css-921506 kc_col-sm-12 kc_column kc_col-sm-12\"><div class=\"kc-col-container\"><div class=\"kc-elm kc-css-104935 kc_row kc_row_inner\"><div class=\"kc-elm kc-css-639435 kc_col-sm-12 kc_column_inner kc_col-sm-12\"><div class=\"kc_wrapper kc-col-inner-container\">\n<div class=\"kc-elm kc-css-594897 kc-call-to-action kc-cta-2\">\n\n\t<div class=\"kc-cta-desc\"><div class=\"kc-cta-text\">Disminuir la teva PETJADA DE CARBONI al planeta representa una reducci\u00f3 de l'impacte mediambiental, redueix els costos i desaccelera el canvi clim\u00e0tic\r\n<\/div><\/div>\n<\/div>\n<div class=\"kc-elm kc-css-103919\" style=\"height: 40px; clear: both; width:100%;\"><\/div><\/div><\/div><\/div><\/div><\/div><\/div><\/div><\/section><\/p>\n","protected":false},"excerpt":{"rendered":"","protected":false},"author":1,"featured_media":0,"parent":0,"menu_order":0,"comment_status":"closed","ping_status":"closed","template":"tpl-king_composer.php","meta":{"_monsterinsights_skip_tracking":false,"_monsterinsights_sitenote_active":false,"_monsterinsights_sitenote_note":"","_monsterinsights_sitenote_category":0},"yoast_head":"<!-- This site is optimized with the Yoast SEO plugin v19.13 - https:\/\/yoast.com\/wordpress\/plugins\/seo\/ -->\n<title>Petjada de Carboni &ndash; JMPAN Ingenier\u00eda Sostenible<\/title>\n<meta name=\"robots\" content=\"index, follow, max-snippet:-1, max-image-preview:large, max-video-preview:-1\" \/>\n<link rel=\"canonical\" href=\"https:\/\/www.jmpaningenieria.com\/ca\/petjada-de-carboni\/\" \/>\n<meta name=\"twitter:label1\" content=\"Temps estimat de lectura\" \/>\n\t<meta name=\"twitter:data1\" content=\"3 minuts\" \/>\n<script type=\"application\/ld+json\" class=\"yoast-schema-graph\">{\"@context\":\"https:\/\/schema.org\",\"@graph\":[{\"@type\":\"WebPage\",\"@id\":\"https:\/\/www.jmpaningenieria.com\/ca\/petjada-de-carboni\/\",\"url\":\"https:\/\/www.jmpaningenieria.com\/ca\/petjada-de-carboni\/\",\"name\":\"Petjada de Carboni &ndash; JMPAN Ingenier\u00eda Sostenible\",\"isPartOf\":{\"@id\":\"https:\/\/www.jmpaningenieria.com\/ca\/#website\"},\"datePublished\":\"2021-04-18T14:39:34+00:00\",\"dateModified\":\"2022-05-18T17:02:23+00:00\",\"breadcrumb\":{\"@id\":\"https:\/\/www.jmpaningenieria.com\/ca\/petjada-de-carboni\/#breadcrumb\"},\"inLanguage\":\"ca\",\"potentialAction\":[{\"@type\":\"ReadAction\",\"target\":[\"https:\/\/www.jmpaningenieria.com\/ca\/petjada-de-carboni\/\"]}]},{\"@type\":\"BreadcrumbList\",\"@id\":\"https:\/\/www.jmpaningenieria.com\/ca\/petjada-de-carboni\/#breadcrumb\",\"itemListElement\":[{\"@type\":\"ListItem\",\"position\":1,\"name\":\"Portada\",\"item\":\"https:\/\/www.jmpaningenieria.com\/ca\/\"},{\"@type\":\"ListItem\",\"position\":2,\"name\":\"Petjada de Carboni\"}]},{\"@type\":\"WebSite\",\"@id\":\"https:\/\/www.jmpaningenieria.com\/ca\/#website\",\"url\":\"https:\/\/www.jmpaningenieria.com\/ca\/\",\"name\":\"JMPAN Ingenier\u00eda Sostenible\",\"description\":\"JMPAN Ingenier\u00eda, con sede en Mallorca, evaluamos y asesoramos a profesionales del mundo de la construcci\u00f3n para obtener el certificado de sostenibilidad VERDE tanto en Baleares, como a nivel estatal. Evaluador Acreditado VERDE\",\"publisher\":{\"@id\":\"https:\/\/www.jmpaningenieria.com\/ca\/#\/schema\/person\/42a492bb269b09b8aefd56a7979e8fe5\"},\"potentialAction\":[{\"@type\":\"SearchAction\",\"target\":{\"@type\":\"EntryPoint\",\"urlTemplate\":\"https:\/\/www.jmpaningenieria.com\/ca\/?s={search_term_string}\"},\"query-input\":\"required name=search_term_string\"}],\"inLanguage\":\"ca\"},{\"@type\":[\"Person\",\"Organization\"],\"@id\":\"https:\/\/www.jmpaningenieria.com\/ca\/#\/schema\/person\/42a492bb269b09b8aefd56a7979e8fe5\",\"name\":\"admin3349\",\"image\":{\"@type\":\"ImageObject\",\"inLanguage\":\"ca\",\"@id\":\"https:\/\/www.jmpaningenieria.com\/ca\/#\/schema\/person\/image\/\",\"url\":\"https:\/\/www.jmpaningenieria.com\/wp-content\/uploads\/2021\/04\/logo-jmpaningenieria-1-e1618416239816.png\",\"contentUrl\":\"https:\/\/www.jmpaningenieria.com\/wp-content\/uploads\/2021\/04\/logo-jmpaningenieria-1-e1618416239816.png\",\"width\":300,\"height\":191,\"caption\":\"admin3349\"},\"logo\":{\"@id\":\"https:\/\/www.jmpaningenieria.com\/ca\/#\/schema\/person\/image\/\"},\"sameAs\":[\"http:\/\/zwdhzsi.cluster030.hosting.ovh.net\"]}]}<\/script>\n<!-- \/ Yoast SEO plugin. -->","yoast_head_json":{"title":"Petjada de Carboni &ndash; JMPAN Ingenier\u00eda Sostenible","robots":{"index":"index","follow":"follow","max-snippet":"max-snippet:-1","max-image-preview":"max-image-preview:large","max-video-preview":"max-video-preview:-1"},"canonical":"https:\/\/www.jmpaningenieria.com\/ca\/petjada-de-carboni\/","twitter_misc":{"Temps estimat de lectura":"3 minuts"},"schema":{"@context":"https:\/\/schema.org","@graph":[{"@type":"WebPage","@id":"https:\/\/www.jmpaningenieria.com\/ca\/petjada-de-carboni\/","url":"https:\/\/www.jmpaningenieria.com\/ca\/petjada-de-carboni\/","name":"Petjada de Carboni &ndash; JMPAN Ingenier\u00eda Sostenible","isPartOf":{"@id":"https:\/\/www.jmpaningenieria.com\/ca\/#website"},"datePublished":"2021-04-18T14:39:34+00:00","dateModified":"2022-05-18T17:02:23+00:00","breadcrumb":{"@id":"https:\/\/www.jmpaningenieria.com\/ca\/petjada-de-carboni\/#breadcrumb"},"inLanguage":"ca","potentialAction":[{"@type":"ReadAction","target":["https:\/\/www.jmpaningenieria.com\/ca\/petjada-de-carboni\/"]}]},{"@type":"BreadcrumbList","@id":"https:\/\/www.jmpaningenieria.com\/ca\/petjada-de-carboni\/#breadcrumb","itemListElement":[{"@type":"ListItem","position":1,"name":"Portada","item":"https:\/\/www.jmpaningenieria.com\/ca\/"},{"@type":"ListItem","position":2,"name":"Petjada de Carboni"}]},{"@type":"WebSite","@id":"https:\/\/www.jmpaningenieria.com\/ca\/#website","url":"https:\/\/www.jmpaningenieria.com\/ca\/","name":"JMPAN Ingenier\u00eda Sostenible","description":"JMPAN Ingenier\u00eda, con sede en Mallorca, evaluamos y asesoramos a profesionales del mundo de la construcci\u00f3n para obtener el certificado de sostenibilidad VERDE tanto en Baleares, como a nivel estatal. Evaluador Acreditado VERDE","publisher":{"@id":"https:\/\/www.jmpaningenieria.com\/ca\/#\/schema\/person\/42a492bb269b09b8aefd56a7979e8fe5"},"potentialAction":[{"@type":"SearchAction","target":{"@type":"EntryPoint","urlTemplate":"https:\/\/www.jmpaningenieria.com\/ca\/?s={search_term_string}"},"query-input":"required name=search_term_string"}],"inLanguage":"ca"},{"@type":["Person","Organization"],"@id":"https:\/\/www.jmpaningenieria.com\/ca\/#\/schema\/person\/42a492bb269b09b8aefd56a7979e8fe5","name":"admin3349","image":{"@type":"ImageObject","inLanguage":"ca","@id":"https:\/\/www.jmpaningenieria.com\/ca\/#\/schema\/person\/image\/","url":"https:\/\/www.jmpaningenieria.com\/wp-content\/uploads\/2021\/04\/logo-jmpaningenieria-1-e1618416239816.png","contentUrl":"https:\/\/www.jmpaningenieria.com\/wp-content\/uploads\/2021\/04\/logo-jmpaningenieria-1-e1618416239816.png","width":300,"height":191,"caption":"admin3349"},"logo":{"@id":"https:\/\/www.jmpaningenieria.com\/ca\/#\/schema\/person\/image\/"},"sameAs":["http:\/\/zwdhzsi.cluster030.hosting.ovh.net"]}]}},"_links":{"self":[{"href":"https:\/\/www.jmpaningenieria.com\/ca\/wp-json\/wp\/v2\/pages\/2389"}],"collection":[{"href":"https:\/\/www.jmpaningenieria.com\/ca\/wp-json\/wp\/v2\/pages"}],"about":[{"href":"https:\/\/www.jmpaningenieria.com\/ca\/wp-json\/wp\/v2\/types\/page"}],"author":[{"embeddable":true,"href":"https:\/\/www.jmpaningenieria.com\/ca\/wp-json\/wp\/v2\/users\/1"}],"replies":[{"embeddable":true,"href":"https:\/\/www.jmpaningenieria.com\/ca\/wp-json\/wp\/v2\/comments?post=2389"}],"version-history":[{"count":8,"href":"https:\/\/www.jmpaningenieria.com\/ca\/wp-json\/wp\/v2\/pages\/2389\/revisions"}],"predecessor-version":[{"id":2397,"href":"https:\/\/www.jmpaningenieria.com\/ca\/wp-json\/wp\/v2\/pages\/2389\/revisions\/2397"}],"wp:attachment":[{"href":"https:\/\/www.jmpaningenieria.com\/ca\/wp-json\/wp\/v2\/media?parent=2389"}],"curies":[{"name":"wp","href":"https:\/\/api.w.org\/{rel}","templated":true}]}}